{"id":3,"date":"2019-03-13T23:45:38","date_gmt":"2019-03-14T03:45:38","guid":{"rendered":"https:\/\/foldingfoldable.com\/web\/?page_id=3"},"modified":"2023-04-24T10:53:00","modified_gmt":"2023-04-24T14:53:00","slug":"privacy-policy","status":"publish","type":"page","link":"https:\/\/foldingfoldable.com\/web\/privacy-policy\/","title":{"rendered":"Privacy policy"},"content":{"rendered":"[et_pb_section fb_built=&#8221;1&#8243; admin_label=&#8221;section&#8221; _builder_version=&#8221;4.16&#8243; global_colors_info=&#8221;{}&#8221;][et_pb_row admin_label=&#8221;row&#8221; _builder_version=&#8221;4.16&#8243; background_size=&#8221;initial&#8221; background_position=&#8221;top_left&#8221; background_repeat=&#8221;repeat&#8221; global_colors_info=&#8221;{}&#8221;][et_pb_column type=&#8221;4_4&#8243; _builder_version=&#8221;4.16&#8243; custom_padding=&#8221;|||&#8221; global_colors_info=&#8221;{}&#8221; custom_padding__hover=&#8221;|||&#8221;][et_pb_text admin_label=&#8221;Text&#8221; _builder_version=&#8221;4.16&#8243; background_size=&#8221;initial&#8221; background_position=&#8221;top_left&#8221; background_repeat=&#8221;repeat&#8221; global_colors_info=&#8221;{}&#8221;]<p><strong><span>IDENTIFICATION OF THE RESPONSIBLE FOR THE WEBSITE<\/span><\/strong>\u00a0<\/p>\n<p><span>By virtue of Law 15\/1999, of December 13, on the Protection of Personal Data, and the provisions of Law 34\/2002, of July 11, on Services of the Information Society and Electronic Commerce, we the following warnings.<\/span><\/p>\n<p><span>Contact address:\u00a0<\/span><strong><a href=\"mailto:info@tecnio.es?_x_tr_sl=es&amp;_x_tr_tl=en&amp;_x_tr_hl=es&amp;_x_tr_pto=wapp\"><span>info@foldingfoldable.com<\/span><\/a><\/strong><\/p>\n<p><strong><\/strong><\/p>\n<p><strong><a href=\"mailto:info@tecnio.es?_x_tr_sl=es&amp;_x_tr_tl=en&amp;_x_tr_hl=es&amp;_x_tr_pto=wapp\"><\/a><\/strong><strong><span>OBJECT<\/span><\/strong><\/p>\n<p><span>This\u00a0\u00a0<\/span><strong><span>LEGAL NOTICE<\/span><\/strong><span>\u00a0regulates the rights and obligations of foldingfoldable.com\u00a0<\/span><span>and users in relation to the access, navigation and use of this website without prejudice to the fact that foldingfoldable.com\u00a0<\/span><span>\u00a0reserves the right to modify, without prior notice, its content, being valid those that are published at the time of navigation.<\/span><\/p>\n<p><span>By browsing, viewing and using this website, you acquire the status of user, and therefore implies your express acceptance of all the clauses that we indicate in this Legal Notice, as well as the rest of the warnings or specific clauses that are established in the different sections for contracting, use of services, products, registrations, or sections of the Page.<\/span><\/p>\n<p><span>Therefore, if you do not accept the clauses established in this Legal Notice, you must refrain from accessing and\/or using the services and\/or content made available to you on the Page, proceeding to abandon it.<\/span><\/p>\n<p><span>foldingfoldable.com may terminate, suspend or interrupt, at any time without prior notice, access to the contents of the page, without the possibility for the User to demand any compensation.<\/span><\/p>\n<p><span><\/span><\/p>\n<p><strong><span>ACCESS TO THE WEBSITE<\/span><\/strong><\/p>\n<p>\u00a0<span>As a user of our website, you agree not to use the Page to carry out activities contrary to the laws, morality, public order and, in general, to use it in accordance with the conditions established in this Legal Notice.\u00a0Likewise, it obliges you not to carry out advertising or commercial exploitation activities by sending messages that use a false identity.<\/span><\/p>\n<p><span>foldingfoldable.com acts exclusively as the person in charge of the Page in its capacity as provider of an information and content service, either on its own services, or on third-party services with which it has signed agreements, not being responsible for the contents that, Contrary to these conditions, users may send or publish, the user being solely responsible for the veracity and legality thereof.<\/span><\/p>\n<p><span>foldingfoldable.com may interrupt the service of the Page that is being used by the user and immediately terminate the relationship with the user if it detects use of the Page or any of the services offered therein that it may consider contrary to what is expressed in this Legal Notice.<\/span><\/p>\n<p><span>The content of the services offered, and their use, <\/span><strong><span>are limited to users over 18 years of age<\/span><\/strong><span>\u00a0.\u00a0foldingfoldable.com\u00a0<\/span><strong>\u00a0<\/strong><span>reminds users of legal age, who are in charge of minors, that it will be their sole responsibility to determine which services and\/or contents are inappropriate for the latter&#8217;s age.\u00a0In the event that access and registration by a minor take place, it will be presumed that said access has been made with the prior and express authorization of their parents, guardians or legal representatives, foldingfoldable.com reserves the right to carry out as many verifications and checks it deems appropriate in this regard.<\/span><\/p>\n<p><span>foldingfoldable.com informs you that there are computer programs that allow you to filter and block access to certain content and services, in such a way that parents or guardians, for example, can decide which Internet content and services minors are allowed to access. Can have access and which ones cannot.<\/span><\/p>\n<p>\u00a0<span>In no case will foldingfoldable.com\u00a0<\/span><strong>\u00a0<\/strong><span>be responsible for the veracity of the data provided by users, so each of these will be solely responsible for the information provided to foldingfoldable.com\u00a0<\/span><strong>\u00a0<\/strong><span>being adequate, exact, updated and precise or, in Otherwise, of the possible consequences that could derive from the lack of quality and veracity of the data.<\/span><\/p>\n<p>&nbsp;<\/p>\n<p><strong><span>INTELLECTUAL AND INDUSTRIAL PROPERTY<\/span><\/strong><\/p>\n<p>\u00a0<span>The entirety of this Page: text, images, brands, graphics, logos, buttons, software files, color combinations, as well as the structure, selection, arrangement and presentation of its contents, is protected by the laws on Intellectual Property and Industrial, its reproduction, distribution, public communication and transformation being prohibited, except for personal and private use.<\/span><\/p>\n<p><span>foldingfoldable.com does not guarantee that the contents are accurate or error-free or that the free use thereof by the user does not infringe the rights of third parties.\u00a0The good or bad use of this page and its contents is under the responsibility of the user.<\/span><\/p>\n<p>\u00a0<span>Likewise, the total or partial reproduction, retransmission, copying, assignment or redistribution of the information contained on the Page, whatever its purpose and the means used for it, is prohibited without the prior authorization of foldingfoldable.com.<\/span><\/p>\n<p>&nbsp;<\/p>\n<p><strong><span>LINKS OR LINKS<\/span><\/strong><\/p>\n<p>\u00a0<span>As we previously indicated, our page, in addition to the links on products, may include links to third-party sites.\u00a0We reiterate that the pages belonging to these third parties have not been reviewed nor are they subject to controls by foldingfoldable.com, therefore foldingfoldable.com cannot be held responsible for the contents of these websites, nor for the measures adopted regarding your privacy or the processing of your personal data or others that may be derived.<\/span><\/p>\n<p>\u00a0<span>foldingfoldable.com recommends careful reading of the conditions of use, privacy policy, legal notices and\/or similar of these sites.<\/span><\/p>\n<p><span>If you are interested in activating a link to any of the foldingfoldable.com pages,\u00a0<\/span><strong>\u00a0<\/strong><span>you must communicate it, obtaining the express consent to create the link.\u00a0foldingfoldable.com reserves the right to oppose the activation of links to its website.<\/span><\/p>\n<p>&nbsp;<\/p>\n<p><strong><span>LIMITATION OF LIABILITY<\/span><\/strong><\/p>\n<p><strong><span>foldingfoldable.com will not be directly or subsidiarity responsible for:<\/span><\/strong><\/p>\n<p><span>The quality of the service, the speed of access, the correct operation or the availability or continuity of operation of the Page.<\/span><\/p>\n<p><span>The damages that may be caused to the user&#8217;s equipment by the use of the Page.<\/span><\/p>\n<p><span>The cases in which a third party, violating the established security measures, accesses the messages or uses them for the referral of computer viruses.<\/span><\/p>\n<p>\u00a0<span>The vices and defects of all kinds of the contents transmitted, disseminated, stored or made available.<\/span><\/p>\n<p>\u00a0<span>The legality, reliability, and usefulness of the content that users transmit with the use of the page or the services offered therein, as well as its veracity or accuracy. foldingfoldable.com does not control the use that users make of the Page, nor does it guarantee that they do so in accordance with the provisions of this Legal Notice.<\/span><\/p>\n<p><span><\/span><\/p>\n<p><strong><span>By way of example and without limitation, the user will be responsible for:<\/span><\/strong><\/p>\n<p><span>Of the contents entered by them, especially the data and information entered and sent to the Company through the Page or on the Page.<\/span><\/p>\n<p><span>From carrying out any type of action on the pages of third parties, or illegal actions, harmful to rights, harmful and \/ or harmful.<\/span><\/p>\n<p><span>Failure to comply with any of the above obligations by the user may entail the adoption of the appropriate measures protected by Law and in the exercise of their rights or obligations, by foldingfoldable.com, which may lead to the elimination or blocking of the account. Of the infringing user, without any possibility of compensation for the damages caused.<\/span><\/p>\n<p>&nbsp;<\/p>\n<p><strong><span>APPLICABLE LEGISLATION AND COMPETENT JURISDICTION<\/span><\/strong><\/p>\n<p>\u00a0<span>This Legal Notice is written in Spanish, and is subject to current Spanish legislation, which will apply to what is not provided herein in terms of interpretation, validity and execution.\u00a0foldingfoldable.com and the User, expressly waiving any other jurisdiction, submit to the Courts and Tribunals of the User&#8217;s domicile for any dispute that may arise.\u00a0In the event that the User is domiciled outside of Spain, foldingfoldable.com and the User submit, expressly waiving any other jurisdiction, to the courts and tribunals of Lleida, Spain.<\/span><\/p>\n<p>\u00a0<span>All users accept the compliance and respect of these clauses.<\/span><\/p>\n<p><\/p>[\/et_pb_text][\/et_pb_column][\/et_pb_row][\/et_pb_section]<!-- \/wp:post-content -->","protected":false},"excerpt":{"rendered":"<p>IDENTIFICATION OF THE RESPONSIBLE FOR THE WEBSITE\u00a0 By virtue of Law 15\/1999, of December 13, on the Protection of Personal Data, and the provisions of Law 34\/2002, of July 11, on Services of the Information Society and Electronic Commerce, we the following warnings. Contact address:\u00a0info@foldingfoldable.com OBJECT This\u00a0\u00a0LEGAL NOTICE\u00a0regulates the rights and obligations of foldingfoldable.com\u00a0and users [&hellip;]<\/p>\n","protected":false},"author":1,"featured_media":0,"parent":0,"menu_order":0,"comment_status":"closed","ping_status":"closed","template":"","meta":{"_et_pb_use_builder":"on","_et_pb_old_content":"<!-- wp:paragraph -->\n<p><strong>IDENTIFICACI\u00d3N DEL RESPONSABLE DEL SITIO WEB<\/strong><\/p>\n<!-- \/wp:paragraph -->\n\n<!-- wp:paragraph -->\n<p>En virtud de la Ley 15\/1999, de 13 de diciembre, sobre Protecci\u00f3n de Datos de car\u00e1cter personal, y lo establecido en la Ley 34\/2002, de 11 de julio, de Servicios de la Sociedad de la Informaci\u00f3n y de Comercio Electr\u00f3nico hacemos las siguientes advertencias.<\/p>\n<!-- \/wp:paragraph -->\n\n<!-- wp:paragraph -->\n<p><strong>Datos identificativos:<\/strong><br>Denominaci\u00f3n social: CONSULTORIA WEB PRODUCCIONS, S.L., CIF: B25634049.<br>Direcci\u00f3n de contacto: <strong><a href=\"mailto:info@nuvedia.com\">info@nuvedia.com<\/a><\/strong><\/p>\n<!-- \/wp:paragraph -->\n\n<!-- wp:paragraph -->\n<p>A partir de aqu\u00ed y en adelante cuando se hable de NUVEDIA.COM estamos hablando de la denominaci\u00f3n social anteriormente mencionada CONSULTORIA WEB PRODUCCIONS, S.L.<\/p>\n<!-- \/wp:paragraph -->\n\n<!-- wp:paragraph -->\n<p><strong>OBJETO<\/strong><\/p>\n<!-- \/wp:paragraph -->\n\n<!-- wp:paragraph -->\n<p>El presente&nbsp;<strong>AVISO LEGAL<\/strong>&nbsp;regula los derechos y obligaciones de&nbsp;&nbsp;<strong>NUVEDIA.COM<\/strong>&nbsp;y de los usuarios en relaci\u00f3n el acceso, navegaci\u00f3n y utilizaci\u00f3n de la presente web sin perjuicio de que&nbsp;<strong>NUVEDIA.COM<\/strong>&nbsp;se reserve el derecho a modificar, sin previo aviso, su contenido, siendo vigentes las que se encuentren publicadas en el momento de navegaci\u00f3n.<\/p>\n<!-- \/wp:paragraph -->\n\n<!-- wp:paragraph -->\n<p>Mediante la navegaci\u00f3n, visualizaci\u00f3n y uso de esta web adquieres la condici\u00f3n de usuario, y por tanto implica por tu parte la aceptaci\u00f3n expresa de todas las cl\u00e1usulas que indicamos en el presente Aviso Legal, as\u00ed como el resto de advertencias o cl\u00e1usulas espec\u00edficas que se establezcan en las diferentes secciones para la contrataci\u00f3n, uso de servicios, productos, inscripciones, o secciones de la P\u00e1gina.<\/p>\n<!-- \/wp:paragraph -->\n\n<!-- wp:paragraph -->\n<p>Por lo que en caso de no aceptar las cl\u00e1usulas establecidas en el presente Aviso Legal, deber\u00e1s abstenerte de acceder y\/o utilizar los servicios y\/o contenidos puestos a tu disposici\u00f3n en la P\u00e1gina, procediendo a abandonar la misma.<\/p>\n<!-- \/wp:paragraph -->\n\n<!-- wp:paragraph -->\n<p><strong>NUVEDIA.COM&nbsp;<\/strong>podr\u00e1 dar por terminado, suspender o interrumpir, en cualquier momento sin necesidad de previo aviso, el acceso a los contenidos de la p\u00e1gina, sin posibilidad por parte del Usuario de exigir indemnizaci\u00f3n alguna.<\/p>\n<!-- \/wp:paragraph -->\n\n<!-- wp:paragraph -->\n<p><strong>ACCESO AL SITIO WEB<\/strong><\/p>\n<!-- \/wp:paragraph -->\n\n<!-- wp:paragraph -->\n<p>Como usuario de nuestra web te obligas a no utilizar la P\u00e1gina para la realizaci\u00f3n de actividades contrarias a las leyes, a la moral, al orden p\u00fablico y, en general, a hacer un uso conforme a las condiciones establecidas en el presente Aviso Legal. Asimismo, te obliga a no realizar actividades publicitarias o de explotaci\u00f3n comercial remitiendo mensajes que utilicen una identidad falsa.<\/p>\n<!-- \/wp:paragraph -->\n\n<!-- wp:paragraph -->\n<p><strong>NUVEDIA.COM<\/strong>&nbsp;act\u00faa exclusivamente como responsable de la P\u00e1gina en su condici\u00f3n de prestador de un servicio de informaci\u00f3n y contenidos, bien sobre sus propios servicios, o bien sobre servicios de terceros con los que ha suscrito acuerdos, no haci\u00e9ndose responsable de los contenidos que, en contra de las presentes condiciones, los usuarios pudieran enviar o publicar, siendo el usuario el \u00fanico responsable de la veracidad y licitud de los mismos.<\/p>\n<!-- \/wp:paragraph -->\n\n<!-- wp:paragraph -->\n<p><strong>NUVEDIA.COM&nbsp;<\/strong>podr\u00e1 interrumpir el servicio de la P\u00e1gina que est\u00e9 siendo utilizado por el usuario y resolver de modo inmediato la relaci\u00f3n con el usuario si detecta un uso de la P\u00e1gina o de cualquiera de los servicios que en el mismo se ofertan que pueda considerar contrario a lo expresado en el presente Aviso Legal.<\/p>\n<!-- \/wp:paragraph -->\n\n<!-- wp:paragraph -->\n<p>El contenido de los servicios ofrecidos y su uso&nbsp;<strong>quedan limitados a usuarios mayores de 18 a\u00f1os<\/strong>.&nbsp;<strong>NUVEDIA.COM&nbsp;<\/strong>recuerda a los usuarios mayores de edad, que tengan a su cargo menores, que ser\u00e1 de su exclusiva responsabilidad determinar qu\u00e9 servicios y\/o contenidos son nos apropiados para la edad de estos \u00faltimos. En caso de que tenga lugar el acceso y registro por parte de un menor, se presumir\u00e1 que dicho acceso se ha realizado con autorizaci\u00f3n previa y expresa de sus padres, tutores o representantes legales, <strong>NUVEDIA.COM<\/strong>&nbsp;se reserva el derecho a realizar cuantas verificaciones y comprobaciones considere oportunas a este respecto.<\/p>\n<!-- \/wp:paragraph -->\n\n<!-- wp:paragraph -->\n<p><strong>NUVEDIA.COM&nbsp;<\/strong>te informa de que existen programas inform\u00e1ticos que permiten filtrar y bloquear el acceso a determinados contenidos y servicios, de tal forma que los padres o tutores, por ejemplo, pueden decidir cu\u00e1les son los contenidos y servicios de Internet a los que los menores pueden tener acceso y cu\u00e1les no.<\/p>\n<!-- \/wp:paragraph -->\n\n<!-- wp:paragraph -->\n<p>En ning\u00fan caso&nbsp;<strong>NUVEDIA.COM&nbsp;<\/strong>se responsabilizar\u00e1 de la veracidad de los datos facilitados por los usuarios, por lo que cada uno de \u00e9stos ser\u00e1 el \u00fanico responsable de que la informaci\u00f3n facilitada a&nbsp;<strong>NUVEDIA.COM&nbsp;<\/strong>resulte adecuada, exacta, actualizada y precisa o, en caso contrario, de las posibles consecuencias que pudieran derivarse de la falta de calidad y veracidad de los datos.<\/p>\n<!-- \/wp:paragraph -->\n\n<!-- wp:paragraph -->\n<p><strong>PROPIEDAD INTELECTUAL E INDUSTRIAL<\/strong><\/p>\n<!-- \/wp:paragraph -->\n\n<!-- wp:paragraph -->\n<p>La totalidad de esta P\u00e1gina: texto, im\u00e1genes, marcas, gr\u00e1ficos, logotipos, botones, archivos de software, combinaciones de colores, as\u00ed como la estructura, selecci\u00f3n, ordenaci\u00f3n y presentaci\u00f3n de sus contenidos, se encuentra protegida por las leyes sobre Propiedad Intelectual e Industrial, quedando prohibida su reproducci\u00f3n, distribuci\u00f3n, comunicaci\u00f3n p\u00fablica y transformaci\u00f3n, salvo para uso personal y privado.<\/p>\n<!-- \/wp:paragraph -->\n\n<!-- wp:paragraph -->\n<p><strong>NUVEDIA.COM&nbsp;<\/strong>no garantiza que los contenidos sean precisos o libres de error o que el libre uso de los mismos por el usuario no infrinja los derechos de terceras partes. El buen o mal uso de esta p\u00e1gina y de sus contenidos est\u00e1 bajo la responsabilidad del usuario.<\/p>\n<!-- \/wp:paragraph -->\n\n<!-- wp:paragraph -->\n<p>Asimismo, queda prohibida la reproducci\u00f3n, retransmisi\u00f3n, copia, cesi\u00f3n o redifusi\u00f3n, total o parcial, de la informaci\u00f3n contenida en la P\u00e1gina, cualquiera que fuera su finalidad y el medio utilizado para ello, sin autorizaci\u00f3n previa de&nbsp;<strong>NUVEDIA.COM.<\/strong><\/p>\n<!-- \/wp:paragraph -->\n\n<!-- wp:paragraph -->\n<p><strong>ENLACES O LINKS<\/strong><\/p>\n<!-- \/wp:paragraph -->\n\n<!-- wp:paragraph -->\n<p>Al igual que indic\u00e1bamos anteriormente nuestra p\u00e1gina, adem\u00e1s de los enlaces sobre productos, puede incluir enlaces o links a sitios de terceros. Reiteramos que las p\u00e1ginas pertenecientes a estos terceros no han sido revisadas ni son objeto de controles por parte de&nbsp;<strong>NUVEDIA.COM<\/strong>, por lo que&nbsp;<strong>NUVEDIA.COM<\/strong>&nbsp;no podr\u00e1 ser considerada responsable de los contenidos de estos sitios web, ni de las medidas que se adopten relativas a su privacidad o al tratamiento de sus datos de car\u00e1cter personal u otros que pudieran derivarse.<\/p>\n<!-- \/wp:paragraph -->\n\n<!-- wp:paragraph -->\n<p><strong>NUVEDIA.COM&nbsp;<\/strong>recomienda la lectura detenida de las condiciones de uso, pol\u00edtica de privacidad, avisos legales y\/o similares de estos sitios.<\/p>\n<!-- \/wp:paragraph -->\n\n<!-- wp:paragraph -->\n<p>En caso de estar interesado en activar un enlace a alguna de las p\u00e1ginas de&nbsp;<strong>NUVEDIA.COM&nbsp;<\/strong>deber\u00e1 comunicarlo, obteniendo el consentimiento expreso para crear el enlace.&nbsp;<strong>NUVEDIA.COM<\/strong>&nbsp;se reserva el derecho de oposici\u00f3n a la activaci\u00f3n de enlaces con su sitio web.<\/p>\n<!-- \/wp:paragraph -->\n\n<!-- wp:paragraph -->\n<p><strong>LIMITACI\u00d3N DE RESPONSABILIDAD<\/strong><\/p>\n<!-- \/wp:paragraph -->\n\n<!-- wp:paragraph -->\n<p><strong>NUVEDIA.COM no ser\u00e1 responsable directa ni subsidiariamente de:<\/strong><\/p>\n<!-- \/wp:paragraph -->\n\n<!-- wp:paragraph -->\n<p>La calidad del servicio, la velocidad de acceso, el correcto funcionamiento ni la disponibilidad ni continuidad de funcionamiento de la P\u00e1gina.<\/p>\n<!-- \/wp:paragraph -->\n\n<!-- wp:paragraph -->\n<p>Los da\u00f1os que puedan causarse en los equipos del usuario por la utilizaci\u00f3n de la P\u00e1gina.<\/p>\n<!-- \/wp:paragraph -->\n\n<!-- wp:paragraph -->\n<p>Los casos en que un tercero, quebrantando las medidas de seguridad establecidas, acceda a los mensajes o los utilice&nbsp;para la&nbsp;remisi\u00f3n de virus inform\u00e1ticos.<\/p>\n<!-- \/wp:paragraph -->\n\n<!-- wp:paragraph -->\n<p>Los vicios y defectos de toda clase de los contenidos transmitidos, difundidos, almacenados o puestos a disposici\u00f3n.<\/p>\n<!-- \/wp:paragraph -->\n\n<!-- wp:paragraph -->\n<p>La licitud, fiabilidad y utilidad de los contenidos que los usuarios transmitan con la utilizaci\u00f3n de la p\u00e1gina o de los servicios en ella ofertados, as\u00ed como tampoco su veracidad o exactitud.&nbsp;<strong>NUVEDIA.COM<\/strong>&nbsp;no controla la utilizaci\u00f3n que los usuarios hacen de la P\u00e1gina, ni garantiza que lo hagan conforme a lo establecido en el presente Aviso Legal.<\/p>\n<!-- \/wp:paragraph -->\n\n<!-- wp:paragraph -->\n<p><strong>A t\u00edtulo enunciativo y con car\u00e1cter no limitativo, el usuario ser\u00e1 responsable de:<\/strong><\/p>\n<!-- \/wp:paragraph -->\n\n<!-- wp:paragraph -->\n<p>De&nbsp;los&nbsp;contenidos introducidos por&nbsp;ellos,&nbsp; especialmente&nbsp; de&nbsp; los&nbsp; datos&nbsp; e informaciones introducidos y enviados a la Compa\u00f1\u00eda por medio de la P\u00e1gina o en la P\u00e1gina.<\/p>\n<!-- \/wp:paragraph -->\n\n<!-- wp:paragraph -->\n<p>De la realizaci\u00f3n de cualquier tipo de actuaci\u00f3n en las p\u00e1ginas de terceros, o actuaciones il\u00edcitas, lesivas de derechos, nocivas y\/o perjudiciales.<\/p>\n<!-- \/wp:paragraph -->\n\n<!-- wp:paragraph -->\n<p>El incumplimiento de cualquiera de las anteriores obligaciones por parte del usuario podr\u00e1 llevar aparejada la adopci\u00f3n de las medidas oportunas amparadas en Derecho y en el ejercicio de sus derechos u obligaciones, por parte de&nbsp;<strong>NUVEDIA.COM<\/strong>&nbsp;pudiendo llegar a la eliminaci\u00f3n o bloqueo de la cuenta del usuario infractor, sin que medie posibilidad de indemnizaci\u00f3n alguna por los da\u00f1os y perjuicios causados.<\/p>\n<!-- \/wp:paragraph -->\n\n<!-- wp:paragraph -->\n<p><strong>LEGISLACI\u00d3N APLICABLE Y JURISDICCI\u00d3N COMPETENTE<\/strong><\/p>\n<!-- \/wp:paragraph -->\n\n<!-- wp:paragraph -->\n<p>El presente Aviso Legal se encuentra redactado en castellano, y se encuentra sometido a la legislaci\u00f3n espa\u00f1ola vigente, que se ser\u00e1 de aplicaci\u00f3n en lo no dispuesto en el presente en materia de interpretaci\u00f3n, validez y ejecuci\u00f3n.&nbsp;<strong>NUVEDIA.COM<\/strong>&nbsp;y el Usuario, con renuncia expresa a cualquier otro fuero, se someten a los Juzgados y Tribunales del domicilio del Usuario para cualquier controversia que pudiera derivarse. En el caso de que el Usuario tenga su domicilio fuera de Espa\u00f1a,&nbsp;<strong>NUVEDIA.COM<\/strong>&nbsp;y el Usuario se someten, con renuncia expresa a cualquier otro fuero, a los juzgados y tribunales de Lleida, Espa\u00f1a.<\/p>\n<!-- \/wp:paragraph -->\n\n<!-- wp:paragraph -->\n<p>Todos los usuarios aceptan el cumplimiento y respeto de estas cl\u00e1usulas.<\/p>\n<!-- \/wp:paragraph -->","_et_gb_content_width":"","pmpro_default_level":"","footnotes":""},"categories":[],"tags":[],"class_list":["post-3","page","type-page","status-publish","hentry","pmpro-has-access"],"_links":{"self":[{"href":"https:\/\/foldingfoldable.com\/web\/wp-json\/wp\/v2\/pages\/3","targetHints":{"allow":["GET"]}}],"collection":[{"href":"https:\/\/foldingfoldable.com\/web\/wp-json\/wp\/v2\/pages"}],"about":[{"href":"https:\/\/foldingfoldable.com\/web\/wp-json\/wp\/v2\/types\/page"}],"author":[{"embeddable":true,"href":"https:\/\/foldingfoldable.com\/web\/wp-json\/wp\/v2\/users\/1"}],"replies":[{"embeddable":true,"href":"https:\/\/foldingfoldable.com\/web\/wp-json\/wp\/v2\/comments?post=3"}],"version-history":[{"count":17,"href":"https:\/\/foldingfoldable.com\/web\/wp-json\/wp\/v2\/pages\/3\/revisions"}],"predecessor-version":[{"id":17066,"href":"https:\/\/foldingfoldable.com\/web\/wp-json\/wp\/v2\/pages\/3\/revisions\/17066"}],"wp:attachment":[{"href":"https:\/\/foldingfoldable.com\/web\/wp-json\/wp\/v2\/media?parent=3"}],"wp:term":[{"taxonomy":"category","embeddable":true,"href":"https:\/\/foldingfoldable.com\/web\/wp-json\/wp\/v2\/categories?post=3"},{"taxonomy":"post_tag","embeddable":true,"href":"https:\/\/foldingfoldable.com\/web\/wp-json\/wp\/v2\/tags?post=3"}],"curies":[{"name":"wp","href":"https:\/\/api.w.org\/{rel}","templated":true}]}}