{"id":26,"date":"2019-03-19T20:53:42","date_gmt":"2019-03-20T00:53:42","guid":{"rendered":"https:\/\/foldingfoldable.com\/web\/?page_id=26"},"modified":"2023-04-24T10:55:27","modified_gmt":"2023-04-24T14:55:27","slug":"cookies-policy","status":"publish","type":"page","link":"https:\/\/foldingfoldable.com\/web\/cookies-policy\/","title":{"rendered":"Cookies policy"},"content":{"rendered":"[et_pb_section fb_built=&#8221;1&#8243; admin_label=&#8221;section&#8221; _builder_version=&#8221;4.16&#8243; global_colors_info=&#8221;{}&#8221;][et_pb_row admin_label=&#8221;row&#8221; _builder_version=&#8221;4.16&#8243; background_size=&#8221;initial&#8221; background_position=&#8221;top_left&#8221; background_repeat=&#8221;repeat&#8221; global_colors_info=&#8221;{}&#8221;][et_pb_column type=&#8221;4_4&#8243; _builder_version=&#8221;4.16&#8243; custom_padding=&#8221;|||&#8221; global_colors_info=&#8221;{}&#8221; custom_padding__hover=&#8221;|||&#8221;][et_pb_text admin_label=&#8221;Text&#8221; _builder_version=&#8221;4.16&#8243; background_size=&#8221;initial&#8221; background_position=&#8221;top_left&#8221; background_repeat=&#8221;repeat&#8221; global_colors_info=&#8221;{}&#8221;]<p><\/p>\n<p><span>The LSSI-CE obliges everyone who has a blog or a website to warn the user of the existence of cookies, inform them and require permission to download them.<\/span><\/p>\n<p><span>Likewise, as provided in article 22.2 of Law 34\/2002.\u00a0&#8220;Service providers may use data storage and retrieval devices on recipients&#8217; terminal equipment, provided that they have given their consent after being provided with clear and complete information on their use, in particular on the purposes of data processing, in accordance with the provisions of Organic Law 15\/1999, of December 13, Protection of Personal Data\u201d.<\/span><\/p>\n<p><span><span class=\"\">As the person in charge of this website, and in compliance with the aforementioned article regarding cookies and taking into account the way in which the Internet and websites work, it is not always possible to have updated information on the cookies that third parties may use. through this website.<\/span><\/span><\/p>\n<p><span>This especially applies to cases where this web page contains embedded elements: ie texts, documents, images or short movies that are stored elsewhere, but displayed on our website.<\/span><\/p>\n<p><span>Therefore, if you come across these types of cookies on this website and they are not listed in the list below, please let us know.\u00a0You can also contact the third party directly to request information about the cookies it places, the purpose and duration of the cookie, and how it has guaranteed your privacy.<\/span><\/p>\n<p><strong><span>WHAT IS A COOKIE?<\/span><\/strong><\/p>\n<p><span>Cookie is a file that is downloaded to your computer when accessing certain web pages.\u00a0Cookies allow a web page, among other things, to store and retrieve information about the browsing habits of a user or their equipment and, depending on the information they contain and the way in which you use your equipment, they can be used to recognize to user.\u00a0The user&#8217;s browser stores cookies on the hard drive only during the current session, occupying minimal memory space and not harming the computer.\u00a0Cookies do not contain any kind of specific personal information, and most of them are deleted from the hard drive at the end of the browser session (the so-called session cookies).\u00a0Most browsers accept cookies as standard and, regardless of them,\u00a0allow or prevent temporary or memorized cookies in the security settings.\u00a0Without your express consent \u2013 \u200b\u200bby activating cookies in your browser, the stored data will not be linked in the cookies with your personal data provided at the time of registration or purchase.<\/span><\/p>\n<p><span>kie is a file that is downloaded to your computer when you access certain web pages.\u00a0Cookies allow a web page, among other things, to store and retrieve information about the browsing habits of a user or their equipment and, depending on the information they contain and the way in which you use your equipment, they can be used to recognize to user.<\/span><\/p>\n<p><span>The user&#8217;s browser stores cookies on the hard drive only during the current session, occupying minimal memory space and not harming the computer.\u00a0Cookies do not contain any kind of specific personal information, and most of them are deleted from the hard drive at the end of the browser session (the so-called session cookies).<\/span><\/p>\n<p><span>Most browsers accept cookies as standard and, regardless of them, allow or prevent temporary or memorized cookies in the security settings.<\/span><\/p>\n<p><span>Without your express consent \u2013 \u200b\u200bby activating cookies in your browser \u2013 decalaveras.com will not link the data stored with your personal data provided at the time of registration or purchase in the cookies.<\/span><\/p>\n<p><strong><span>What types of cookies does this website use?<\/span><\/strong><\/p>\n<ul>\n<li><strong><span>Technical cookies<\/span><\/strong><span>\u00a0: These are those that allow the user to navigate through a web page, platform or application and the use of the different options or services that exist in it, such as controlling traffic and data communication, identifying the session, access parts of restricted access, remember the elements that make up an order, carry out the purchase process of an order, apply for registration or participation in an event, use security elements while browsing, store content for dissemination videos or sound or share content through social networks.<\/span><\/li>\n<li><strong><span>Personalization cookies<\/span><\/strong><span>\u00a0: These are those that allow the user to access the service with some predefined general characteristics based on a series of criteria in the user&#8217;s terminal, such as the language, the type of browser through which the service is accessed. , the regional configuration from where you access the service, etc.<\/span><\/li>\n<li><strong><span>Analysis Cookies<\/span><\/strong><span>\u00a0: These are those that, well processed by us or by third parties, allow us to quantify the number of users and thus carry out the measurement and statistical analysis of the use made by users of the service offered.\u00a0To do this, your browsing on our website is analyzed in order to improve the offer of products or services that we offer you.<\/span><\/li>\n<li><strong><span>Advertising cookies<\/span><\/strong><span>\u00a0: These are those that, whether processed by us or by third parties, allow us to manage the offer of advertising spaces on the website in the most efficient way possible, adapting the content of the advertisement to the content of the requested service or to the use you make from our website.\u00a0To do this, we can analyze your browsing habits on the Internet and we can show you advertising related to your browsing profile.<\/span><\/li>\n<li><strong><span>Behavioral advertising cookies<\/span><\/strong><span>\u00a0: These are those that allow the management, in the most efficient way possible, of the advertising spaces that, where appropriate, the editor has included in a web page, application or platform from which the requested service is provided.\u00a0These cookies store information on the behavior of users obtained through the continuous observation of their browsing habits, which allows the development of a specific profile to display advertising based on it.<\/span><\/li>\n<li><strong><span>Third-party cookies<\/span><\/strong><span>\u00a0: The decalaveras.com website may use third-party services that, on behalf of Google, collect information for statistical purposes, the use of the Site by the user and for the provision of other services related to the activity of the Website and other internet services.<\/span><\/li>\n<\/ul>\n<p><span>In particular, this website uses Google Analytics, a web analytics service provided by Google, Inc. domiciled in the United States with headquarters at 1600 Amphitheater Parkway, Mountain View, California 94043. For the provision of these services, they use Cookies that collect information, including the user&#8217;s IP address, which will be transmitted, processed and stored by Google under the terms set on the Google.com website.\u00a0Including the possible transmission of said information to third parties for reasons of legal requirement or when said third parties process the information on behalf of Google.<\/span><\/p>\n<p><span>The User expressly accepts, by using this Site, the treatment of the information collected in the manner and for the aforementioned purposes.\u00a0And you also acknowledge knowing the possibility of rejecting the processing of such data or information by rejecting the use of Cookies by selecting the appropriate settings for this purpose in your browser.\u00a0Although this option to block Cookies in your browser may not allow you to fully use all the functionalities of the Website.<\/span><\/p>\n<p><span>You can allow, block or delete the cookies installed on your computer by configuring the options of the browser installed on your computer.<\/span><\/p>\n<p><strong><span>USE OF COOKIES ON THIS WEBSITE<\/span><\/strong><\/p>\n<p><span>On this website we use session, advertising, analysis, own and third-party cookies, in no case do they treat personal data, but they capture browsing habits for statistical purposes.<\/span><\/p>\n<p><span>Therefore, when accessing our website, in compliance with article 22 of the Information Society Services Law, we have requested your consent for its use.<\/span><\/p>\n<p><span>In any case, we inform you that you can activate or deactivate these cookies by following the instructions of your Internet browser:<\/span><\/p>\n<p><span>Chrome: Settings -&gt; Show advanced options -&gt; Privacy -&gt; Content settings.<\/span><\/p>\n<p><span>Firefox: Tools -&gt; Options -&gt; Privacy -&gt; History -&gt; Custom Settings.<\/span><\/p>\n<p><span>Internet Explorer: Tools -&gt; Internet Options -&gt; Privacy -&gt; Settings.<\/span><\/p>\n<p><span>Safari: Preferences -&gt; Security.<\/span><\/p>\n<p><span>Opera: Tools -&gt; Preferences -&gt; Edit preferences &gt; Cookies<\/span><\/p>\n<p><span>For more information, you can consult the Help of your browser or their support pages:<\/span><\/p>\n<p><span>Chrome:\u00a0\u00a0<\/span><a href=\"https:\/\/translate.google.com\/website?sl=es&amp;tl=en&amp;hl=es&amp;client=webapp&amp;u=https:\/\/support.google.com\/\"><strong><span>support.google.com<\/span><\/strong><\/a><\/p>\n<p><span>FireFox:\u00a0\u00a0<\/span><a href=\"https:\/\/translate.google.com\/website?sl=es&amp;tl=en&amp;hl=es&amp;client=webapp&amp;u=https:\/\/support.mozilla.org\/\"><strong><span>support.mozilla.org<\/span><\/strong><\/a><\/p>\n<p><span>Internet Explorer:\u00a0\u00a0<\/span><a href=\"https:\/\/translate.google.com\/website?sl=es&amp;tl=en&amp;hl=es&amp;client=webapp&amp;u=https:\/\/windows.microsoft.com\/\"><strong><span>windows.microsoft.com<\/span><\/strong><\/a><\/p>\n<p><span>Safari:\u00a0\u00a0<\/span><a href=\"https:\/\/translate.google.com\/website?sl=es&amp;tl=en&amp;hl=es&amp;client=webapp&amp;u=http:\/\/www.apple.com\/\"><strong><span>http:\/\/www.apple.com<\/span><\/strong><\/a><\/p>\n<p><span>Opera:\u00a0\u00a0<\/span><a href=\"https:\/\/translate.google.com\/website?sl=es&amp;tl=en&amp;hl=es&amp;client=webapp&amp;u=http:\/\/www.opera.com\/help\/tutorials\/security\/cookies\/\"><strong><span>http:\/\/www.opera.com\/help\/tutorials\/security\/cookies\/<\/span><\/strong><\/a><\/p>\n<p><span style=\"font-size: 14px;\">Chrome: <\/span><a href=\"https:\/\/support.google.com\/\" style=\"font-size: 14px;\"><strong>support.google.com<\/strong><\/a><\/p>\n<p><\/p>\n<p><!-- \/wp:post-content --><\/p>[\/et_pb_text][\/et_pb_column][\/et_pb_row][\/et_pb_section]","protected":false},"excerpt":{"rendered":"<p>The LSSI-CE obliges everyone who has a blog or a website to warn the user of the existence of cookies, inform them and require permission to download them. Likewise, as provided in article 22.2 of Law 34\/2002.\u00a0&#8220;Service providers may use data storage and retrieval devices on recipients&#8217; terminal equipment, provided that they have given their [&hellip;]<\/p>\n","protected":false},"author":1,"featured_media":0,"parent":0,"menu_order":0,"comment_status":"closed","ping_status":"closed","template":"","meta":{"_et_pb_use_builder":"on","_et_pb_old_content":"<!-- wp:paragraph -->\n<p>La LSSI-CE, obliga a todos los que tienen un blog o una web a advertir al usuario de la existencia de cookies, informar sobre ellas y requerirle permiso para descargarlas.<\/p>\n<!-- \/wp:paragraph -->\n\n<!-- wp:paragraph -->\n<p>Asimismo, tal y como dispone el art\u00edculo 22.2 de la Ley 34\/2002. \u201cLos prestadores de servicios podr\u00e1n utilizar dispositivos de almacenamiento y recuperaci\u00f3n de datos en equipos terminales de los destinatarios, a condici\u00f3n de que los mismos hayan dado su consentimiento despu\u00e9s de que se les haya facilitado informaci\u00f3n clara y completa sobre su utilizaci\u00f3n, en particular, sobre los fines del tratamiento de los datos, con arreglo a lo dispuesto en la Ley Org\u00e1nica 15\/1999, de 13 de diciembre, de Protecci\u00f3n de Datos de Car\u00e1cter Personal\u201d.<\/p>\n<!-- \/wp:paragraph -->\n\n<!-- wp:paragraph -->\n<p>Como responsable de esta web, y en cumplimiento con el art\u00edculo mencionado anteriormente referente a las cookies y teniendo en cuenta la forma en la que funciona Internet y los sitios web, no siempre es posible contar con informaci\u00f3n actualizada de las cookies que terceras partes puedan utilizar a trav\u00e9s de este sitio web.<\/p>\n<!-- \/wp:paragraph -->\n\n<!-- wp:paragraph -->\n<p>Esto se aplica especialmente a casos en los que esta p\u00e1gina web contiene elementos integrados: es decir, textos, documentos, im\u00e1genes o breves pel\u00edculas que se almacenan en otra parte, pero se muestran en nuestro sitio web.<\/p>\n<!-- \/wp:paragraph -->\n\n<!-- wp:paragraph -->\n<p>Por consiguiente, en caso de que se encuentre con este tipo de cookies en este sitio web y no est\u00e9n enumeradas en la lista siguiente, le rogamos que nos lo comunique. Tambi\u00e9n puede ponerte en contacto directamente con el tercero para pedirle informaci\u00f3n sobre las cookies que coloca, la finalidad y la duraci\u00f3n de la cookie, y c\u00f3mo ha garantizado su privacidad.<\/p>\n<!-- \/wp:paragraph -->\n\n<!-- wp:paragraph -->\n<p><strong>\u00bfQU\u00c9 ES UNA COOKIE?<\/strong><\/p>\n<!-- \/wp:paragraph -->\n\n<!-- wp:paragraph -->\n<p>Cookie es un fichero que se descarga en su ordenador al acceder a determinadas p\u00e1ginas web. Las cookies permiten a una p\u00e1gina web, entre otras cosas, almacenar y recuperar informaci\u00f3n sobre los h\u00e1bitos de navegaci\u00f3n de un usuario o de su equipo y, dependiendo de la informaci\u00f3n que contengan y de la forma en que utilice su equipo, pueden utilizarse para reconocer al usuario. El navegador del usuario memoriza cookies en el disco duro solamente durante la sesi\u00f3n actual ocupando un espacio de memoria m\u00ednimo y no perjudicando al ordenador. Las cookies no contienen ninguna clase de informaci\u00f3n personal espec\u00edfica, y la mayor\u00eda de las mismas se borran del disco duro al finalizar la sesi\u00f3n de navegador (las denominadas cookies de sesi\u00f3n). La mayor\u00eda de los navegadores aceptan como est\u00e1ndar a las cookies y, con independencia de las mismas, permiten o impiden en los ajustes de seguridad las cookies temporales o memorizadas. Sin su expreso consentimiento \u2013mediante la activaci\u00f3n de las cookies en su navegador no enlazar\u00e1 en las cookies los datos memorizados con sus datos personales proporcionados en el momento del registro o la compra.<\/p>\n<!-- \/wp:paragraph -->\n\n<!-- wp:paragraph -->\n<p>kie es un fichero que se descarga en su ordenador al acceder a determinadas p\u00e1ginas web. Las cookies permiten a una p\u00e1gina web, entre otras cosas, almacenar y recuperar informaci\u00f3n sobre los h\u00e1bitos de navegaci\u00f3n de un usuario o de su equipo y, dependiendo de la informaci\u00f3n que contengan y de la forma en que utilice su equipo, pueden utilizarse para reconocer al usuario.<\/p>\n<!-- \/wp:paragraph -->\n\n<!-- wp:paragraph -->\n<p>El navegador del usuario memoriza cookies en el disco duro solamente durante la sesi\u00f3n actual ocupando un espacio de memoria m\u00ednimo y no perjudicando al ordenador. Las cookies no contienen ninguna clase de informaci\u00f3n personal espec\u00edfica, y la mayor\u00eda de las mismas se borran del disco duro al finalizar la sesi\u00f3n de navegador (las denominadas cookies de sesi\u00f3n).<\/p>\n<!-- \/wp:paragraph -->\n\n<!-- wp:paragraph -->\n<p>La mayor\u00eda de los navegadores aceptan como est\u00e1ndar a las cookies y, con independencia de las mismas, permiten o impiden en los ajustes de seguridad las cookies temporales o memorizadas.<\/p>\n<!-- \/wp:paragraph -->\n\n<!-- wp:paragraph -->\n<p>Sin su expreso consentimiento \u2013mediante la activaci\u00f3n de las cookies en su navegador\u2013 decalaveras.com no enlazar\u00e1 en las cookies los datos memorizados con sus datos personales proporcionados en el momento del registro o la compra..<\/p>\n<!-- \/wp:paragraph -->\n\n<!-- wp:paragraph -->\n<p><strong>\u00bfQu\u00e9 tipos de cookies utiliza esta p\u00e1gina web?<\/strong><\/p>\n<!-- \/wp:paragraph -->\n\n<!-- wp:list -->\n<ul><li><strong>Cookies t\u00e9cnicas<\/strong>: Son aqu\u00e9llas que permiten al usuario la navegaci\u00f3n a trav\u00e9s de una p\u00e1gina web, plataforma o aplicaci\u00f3n y la utilizaci\u00f3n de las diferentes opciones o servicios que en ella existan como, por ejemplo, controlar el tr\u00e1fico y la comunicaci\u00f3n de datos, identificar la sesi\u00f3n, acceder a partes de acceso restringido, recordar los elementos que integran un pedido, realizar el proceso de compra de un pedido, realizar la solicitud de inscripci\u00f3n o participaci\u00f3n en un evento, utilizar elementos de seguridad durante la navegaci\u00f3n, almacenar contenidos para la difusi\u00f3n de videos o sonido o compartir contenidos a trav\u00e9s de redes sociales.<\/li><li><strong>Cookies de personalizaci\u00f3n<\/strong>: Son aqu\u00e9llas que permiten al usuario acceder al servicio con algunas caracter\u00edsticas de car\u00e1cter general predefinidas en funci\u00f3n de una serie de criterios en el terminal del usuario como por ejemplo serian el idioma, el tipo de navegador a trav\u00e9s del cual accede al servicio, la configuraci\u00f3n regional desde donde accede al servicio, etc.<\/li><li><strong>Cookies de an\u00e1lisis<\/strong>: Son aqu\u00e9llas que bien tratadas por nosotros o por terceros, nos permiten cuantificar el n\u00famero de usuarios y as\u00ed realizar la medici\u00f3n y an\u00e1lisis estad\u00edstico de la utilizaci\u00f3n que hacen los usuarios del servicio ofertado. Para ello se analiza su navegaci\u00f3n en nuestra p\u00e1gina web con el fin de mejorar la oferta de productos o servicios que le ofrecemos.<\/li><li><strong>Cookies publicitarias<\/strong>: Son aqu\u00e9llas que, bien tratadas por nosotros o por terceros, nos permiten gestionar de la forma m\u00e1s eficaz posible la oferta de los espacios publicitarios que hay en la p\u00e1gina web, adecuando el contenido del anuncio al contenido del servicio solicitado o al uso que realice de nuestra p\u00e1gina web. Para ello podemos analizar sus h\u00e1bitos de navegaci\u00f3n en Internet y podemos mostrarle publicidad relacionada con su perfil de navegaci\u00f3n.<\/li><li><strong>Cookies de publicidad comportamental<\/strong>: Son aqu\u00e9llas que permiten la gesti\u00f3n, de la forma m\u00e1s eficaz posible, de los espacios publicitarios que, en su caso, el editor haya incluido en una p\u00e1gina web, aplicaci\u00f3n o plataforma desde la que presta el servicio solicitado. Estas cookies almacenan informaci\u00f3n del comportamiento de los usuarios obtenida a trav\u00e9s de la observaci\u00f3n continuada de sus h\u00e1bitos de navegaci\u00f3n, lo que permite desarrollar un perfil espec\u00edfico para mostrar publicidad en funci\u00f3n del mismo.<\/li><li><strong>Cookies de terceros<\/strong>: La Web de decalaveras.com puede utilizar servicios de terceros que, por cuenta de Google, recopilaran informaci\u00f3n con fines estad\u00edsticos, de uso del Site por parte del usuario y para la prestacion de otros servicios relacionados con la actividad del Website y otros servicios de Internet.<\/li><\/ul>\n<!-- \/wp:list -->\n\n<!-- wp:paragraph -->\n<p>En particular, este sitio Web utiliza Google Analytics, un servicio anal\u00edtico de web prestado por Google, Inc. con domicilio en los Estados Unidos con sede central en 1600 Amphitheatre Parkway, Mountain View, California 94043. &nbsp;Para la prestaci\u00f3n de estos servicios, estos utilizan cookies que recopilan la informaci\u00f3n, incluida la direcci\u00f3n IP del usuario, que ser\u00e1 transmitida, tratada y almacenada por Google en los t\u00e9rminos fijados en la Web Google.com. Incluyendo la posible transmisi\u00f3n de dicha informaci\u00f3n a terceros por razones de exigencia legal o cuando dichos terceros procesen la informaci\u00f3n por cuenta de Google.<\/p>\n<!-- \/wp:paragraph -->\n\n<!-- wp:paragraph -->\n<p>El Usuario acepta expresamente, por la utilizaci\u00f3n de este Site, el tratamiento de la informaci\u00f3n recabada en la forma y con los fines anteriormente mencionados. Y asimismo reconoce conocer la posibilidad de rechazar el tratamiento de tales datos o informaci\u00f3n rechazando el uso de Cookies mediante la selecci\u00f3n de la configuraci\u00f3n apropiada a tal fin en su navegador. Si bien esta opci\u00f3n de bloqueo de Cookies en su navegador puede no permitirle el uso pleno de todas las funcionalidades del Website.<\/p>\n<!-- \/wp:paragraph -->\n\n<!-- wp:paragraph -->\n<p>Puede usted permitir, bloquear o eliminar las cookies instaladas en su equipo mediante la configuraci\u00f3n de las opciones del navegador instalado en su ordenador.<\/p>\n<!-- \/wp:paragraph -->\n\n<!-- wp:paragraph -->\n<p><strong>USO DE COOKIES DE ESTE SITIO WEB<\/strong><\/p>\n<!-- \/wp:paragraph -->\n\n<!-- wp:paragraph -->\n<p>En este sitio web utilizamos cookies de sesi\u00f3n, publicitarias, de an\u00e1lisis, propias y de terceros, en ning\u00fan caso, tratan datos de car\u00e1cter personal, pero captan h\u00e1bitos de navegaci\u00f3n para fines estad\u00edsticos.<\/p>\n<!-- \/wp:paragraph -->\n\n<!-- wp:paragraph -->\n<p>Por ello, al acceder a nuestra web, en cumplimiento del art\u00edculo 22 de la Ley de Servicios de la Sociedad de la Informaci\u00f3n le hemos solicitado su consentimiento para su uso.<\/p>\n<!-- \/wp:paragraph -->\n\n<!-- wp:paragraph -->\n<p>De todas formas, le informamos que puede activar o desactivar y estas cookies siguiendo las instrucciones de su navegador de Internet:<\/p>\n<!-- \/wp:paragraph -->\n\n<!-- wp:paragraph -->\n<p>Chrome: Configuraci\u00f3n -&gt; Mostrar opciones avanzadas -&gt; Privacidad -&gt; Configuraci\u00f3n de contenido.<\/p>\n<!-- \/wp:paragraph -->\n\n<!-- wp:paragraph -->\n<p>Firefox: Herramientas -&gt; Opciones -&gt; Privacidad -&gt; Historial -&gt; Configuraci\u00f3n Personalizada.<\/p>\n<!-- \/wp:paragraph -->\n\n<!-- wp:paragraph -->\n<p>Internet Explorer: Herramientas -&gt; Opciones de Internet -&gt; Privacidad -&gt; Configuraci\u00f3n.<\/p>\n<!-- \/wp:paragraph -->\n\n<!-- wp:paragraph -->\n<p>Safari: Preferencias -&gt; Seguridad.<\/p>\n<!-- \/wp:paragraph -->\n\n<!-- wp:paragraph -->\n<p>Opera: Herramientas -&gt; Preferencias -&gt; Editar preferencias &gt; Cookies<\/p>\n<!-- \/wp:paragraph -->\n\n<!-- wp:paragraph -->\n<p>Para m\u00e1s informaci\u00f3n, puede consultar en la Ayuda de su navegador o en las p\u00e1ginas de soporte de los mismos:<\/p>\n<!-- \/wp:paragraph -->\n\n<!-- wp:paragraph -->\n<p>Chrome:&nbsp;<a href=\"https:\/\/support.google.com\/\"><strong>support.google.com<\/strong><\/a><\/p>\n<!-- \/wp:paragraph -->\n\n<!-- wp:paragraph -->\n<p>FireFox:&nbsp;<a href=\"https:\/\/support.mozilla.org\/\"><strong>support.mozilla.org<\/strong><\/a><\/p>\n<!-- \/wp:paragraph -->\n\n<!-- wp:paragraph -->\n<p>Internet Explorer:&nbsp;<a href=\"https:\/\/windows.microsoft.com\/\"><strong>windows.microsoft.com<\/strong><\/a><\/p>\n<!-- \/wp:paragraph -->\n\n<!-- wp:paragraph -->\n<p>Safari:&nbsp;<a href=\"http:\/\/www.apple.com\/\"><strong>http:\/\/www.apple.com<\/strong><\/a><\/p>\n<!-- \/wp:paragraph -->\n\n<!-- wp:paragraph -->\n<p>Opera:&nbsp;<a href=\"http:\/\/www.opera.com\/help\/tutorials\/security\/cookies\/\"><strong>http:\/\/www.opera.com\/help\/tutorials\/security\/cookies\/<\/strong><\/a><\/p>\n<!-- \/wp:paragraph -->","_et_gb_content_width":"","pmpro_default_level":"","footnotes":""},"categories":[],"tags":[],"class_list":["post-26","page","type-page","status-publish","hentry","pmpro-has-access"],"_links":{"self":[{"href":"https:\/\/foldingfoldable.com\/web\/wp-json\/wp\/v2\/pages\/26","targetHints":{"allow":["GET"]}}],"collection":[{"href":"https:\/\/foldingfoldable.com\/web\/wp-json\/wp\/v2\/pages"}],"about":[{"href":"https:\/\/foldingfoldable.com\/web\/wp-json\/wp\/v2\/types\/page"}],"author":[{"embeddable":true,"href":"https:\/\/foldingfoldable.com\/web\/wp-json\/wp\/v2\/users\/1"}],"replies":[{"embeddable":true,"href":"https:\/\/foldingfoldable.com\/web\/wp-json\/wp\/v2\/comments?post=26"}],"version-history":[{"count":4,"href":"https:\/\/foldingfoldable.com\/web\/wp-json\/wp\/v2\/pages\/26\/revisions"}],"predecessor-version":[{"id":17067,"href":"https:\/\/foldingfoldable.com\/web\/wp-json\/wp\/v2\/pages\/26\/revisions\/17067"}],"wp:attachment":[{"href":"https:\/\/foldingfoldable.com\/web\/wp-json\/wp\/v2\/media?parent=26"}],"wp:term":[{"taxonomy":"category","embeddable":true,"href":"https:\/\/foldingfoldable.com\/web\/wp-json\/wp\/v2\/categories?post=26"},{"taxonomy":"post_tag","embeddable":true,"href":"https:\/\/foldingfoldable.com\/web\/wp-json\/wp\/v2\/tags?post=26"}],"curies":[{"name":"wp","href":"https:\/\/api.w.org\/{rel}","templated":true}]}}