{"id":16785,"date":"2023-01-24T11:48:48","date_gmt":"2023-01-24T10:48:48","guid":{"rendered":"https:\/\/foldingfoldable.com\/web\/?page_id=16785"},"modified":"2023-01-24T11:54:07","modified_gmt":"2023-01-24T10:54:07","slug":"pixia-diseno-paginas-web-redes-sociales-seo-marketing-digital-apps-diseno-grafico-comercio-electronico-imagen-corporativa-seo-posicionamiento","status":"publish","type":"page","link":"https:\/\/foldingfoldable.com\/web\/pixia-diseno-paginas-web-redes-sociales-seo-marketing-digital-apps-diseno-grafico-comercio-electronico-imagen-corporativa-seo-posicionamiento\/","title":{"rendered":"Pixia &#8211; Dise\u00f1o p\u00e1ginas web, redes sociales, SEO, marketing digital, APPs, dise\u00f1o gr\u00e1fico, comercio electr\u00f3nico, imagen corporativa, SEO, posicionamiento"},"content":{"rendered":"<p>[et_pb_section fb_built=&#8221;1&#8243; _builder_version=&#8221;4.19.4&#8243; _module_preset=&#8221;default&#8221; background_color=&#8221;#FFFFFF&#8221; custom_margin=&#8221;70px||||false|false&#8221; saved_tabs=&#8221;all&#8221; locked=&#8221;off&#8221; global_colors_info=&#8221;{}&#8221; global_module=&#8221;16782&#8243; theme_builder_area=&#8221;post_content&#8221;][et_pb_row column_structure=&#8221;1_2,1_2&#8243; custom_padding_last_edited=&#8221;on|phone&#8221; _builder_version=&#8221;4.19.4&#8243; _module_preset=&#8221;default&#8221; use_background_color_gradient=&#8221;on&#8221; background_color_gradient_direction=&#8221;90deg&#8221; background_color_gradient_stops=&#8221;#b3f4ed 0%|#b0dfea 100%&#8221; background_color_gradient_start=&#8221;#b3f4ed&#8221; background_color_gradient_end=&#8221;#b0dfea&#8221; max_width=&#8221;900px&#8221; custom_margin=&#8221;-120px||||false|false&#8221; custom_margin_tablet=&#8221;-80px||||false|false&#8221; custom_margin_last_edited=&#8221;off|desktop&#8221; custom_padding=&#8221;70px|60px|40px|60px|false|true&#8221; custom_padding_tablet=&#8221;30px|30px|30px|30px|true|true&#8221; custom_padding_phone=&#8221;|20px||20px|true|true&#8221; locked=&#8221;off&#8221; global_colors_info=&#8221;{}&#8221; theme_builder_area=&#8221;post_content&#8221;][et_pb_column type=&#8221;1_2&#8243; _builder_version=&#8221;4.16&#8243; _module_preset=&#8221;default&#8221; custom_padding_tablet=&#8221;50px|100px|50px|100px|true|true&#8221; custom_padding_phone=&#8221;20px|20px|20px|20px|true|true&#8221; custom_padding_last_edited=&#8221;off|desktop&#8221; global_colors_info=&#8221;{}&#8221; theme_builder_area=&#8221;post_content&#8221;][et_pb_text _builder_version=&#8221;4.16&#8243; _module_preset=&#8221;83d94e9b-bff8-4c15-9e33-e7b1a7a21887&#8243; header_2_font=&#8221;Oswald|||on|||||&#8221; header_2_text_align=&#8221;center&#8221; header_2_text_color=&#8221;#000645&#8243; header_2_font_size=&#8221;46px&#8221; header_2_letter_spacing=&#8221;1px&#8221; header_2_line_height=&#8221;1.4em&#8221; custom_margin=&#8221;|-37px||||&#8221; header_2_font_size_tablet=&#8221;32px&#8221; header_2_font_size_phone=&#8221;20px&#8221; header_2_font_size_last_edited=&#8221;on|phone&#8221; global_colors_info=&#8221;{}&#8221; theme_builder_area=&#8221;post_content&#8221;]<\/p>\n<h2>Pixia nuestra marca experta en internet, marketing y dise\u00f1o\u00a0<\/h2>\n<p>[\/et_pb_text][\/et_pb_column][et_pb_column type=&#8221;1_2&#8243; _builder_version=&#8221;4.16&#8243; _module_preset=&#8221;default&#8221; custom_padding_tablet=&#8221;50px|100px|50px|100px|true|true&#8221; custom_padding_phone=&#8221;20px|20px|20px|20px|true|true&#8221; custom_padding_last_edited=&#8221;off|desktop&#8221; global_colors_info=&#8221;{}&#8221; theme_builder_area=&#8221;post_content&#8221;][et_pb_image src=&#8221;https:\/\/foldingfoldable.com\/web\/wp-content\/uploads\/2023\/01\/logo-pixia.jpg&#8221; title_text=&#8221;logo-pixia&#8221; _builder_version=&#8221;4.19.4&#8243; _module_preset=&#8221;default&#8221; global_colors_info=&#8221;{}&#8221; theme_builder_area=&#8221;post_content&#8221;][\/et_pb_image][et_pb_button button_url=&#8221;https:\/\/www.pixia.es\/&#8221; url_new_window=&#8221;on&#8221; button_text=&#8221;Ir a la web pixia.es&#8221; button_alignment=&#8221;right&#8221; _builder_version=&#8221;4.19.4&#8243; _module_preset=&#8221;9e7cab24-be11-4c0f-a22b-41e51f9dcee0&#8243; custom_button=&#8221;on&#8221; button_text_size=&#8221;21px&#8221; button_text_color=&#8221;#FFFFFF&#8221; button_bg_color=&#8221;#000000&#8243; button_border_width=&#8221;0px&#8221; button_border_radius=&#8221;0px&#8221; button_letter_spacing=&#8221;1px&#8221; button_font=&#8221;Oswald|||on|||||&#8221; background_layout=&#8221;dark&#8221; custom_padding=&#8221;18px|30px|18px|30px|true|true&#8221; custom_padding_tablet=&#8221;15px|30px|15px|30px|true|true&#8221; custom_padding_phone=&#8221;15px|25px|15px|25px|true|true&#8221; custom_padding_last_edited=&#8221;off|desktop&#8221; global_colors_info=&#8221;{}&#8221; theme_builder_area=&#8221;post_content&#8221;][\/et_pb_button][\/et_pb_column][\/et_pb_row][et_pb_row custom_padding_last_edited=&#8221;on|phone&#8221; _builder_version=&#8221;4.19.4&#8243; _module_preset=&#8221;default&#8221; use_background_color_gradient=&#8221;on&#8221; background_color_gradient_direction=&#8221;90deg&#8221; background_color_gradient_stops=&#8221;#b3f4ed 0%|#b0dfea 100%&#8221; background_color_gradient_start=&#8221;#b3f4ed&#8221; background_color_gradient_end=&#8221;#b0dfea&#8221; max_width=&#8221;900px&#8221; custom_margin=&#8221;-120px||||false|false&#8221; custom_margin_tablet=&#8221;-80px||||false|false&#8221; custom_margin_last_edited=&#8221;off|desktop&#8221; custom_padding=&#8221;70px|60px|40px|60px|false|true&#8221; custom_padding_tablet=&#8221;30px|30px|30px|30px|true|true&#8221; custom_padding_phone=&#8221;|20px||20px|true|true&#8221; locked=&#8221;off&#8221; global_colors_info=&#8221;{}&#8221; theme_builder_area=&#8221;post_content&#8221;][et_pb_column type=&#8221;4_4&#8243; _builder_version=&#8221;4.16&#8243; _module_preset=&#8221;default&#8221; custom_padding_tablet=&#8221;50px|100px|50px|100px|true|true&#8221; custom_padding_phone=&#8221;20px|20px|20px|20px|true|true&#8221; custom_padding_last_edited=&#8221;off|desktop&#8221; global_colors_info=&#8221;{}&#8221; theme_builder_area=&#8221;post_content&#8221;][et_pb_text _builder_version=&#8221;4.19.4&#8243; _module_preset=&#8221;default&#8221; text_font=&#8221;Roboto Mono||||||||&#8221; text_text_color=&#8221;#000000&#8243; text_font_size=&#8221;16px&#8221; text_line_height=&#8221;1.8em&#8221; custom_margin=&#8221;39px|||||&#8221; text_font_size_tablet=&#8221;15px&#8221; text_font_size_phone=&#8221;14px&#8221; text_font_size_last_edited=&#8221;on|desktop&#8221; global_colors_info=&#8221;{}&#8221; theme_builder_area=&#8221;post_content&#8221;]<\/p>\n<h2>M\u00c1S DE 20 A\u00d1OS DE EXPERIENCIA EN EL MUNDO DE <strong>INTERNET, MARKETING DIGITAL Y DISE\u00d1O<\/strong><\/h2>\n<p>Ofrecemos productos y servicios llave en mano que tienen como finalidad hacer crecer los negocios digitales ya sean como complemento del negocio tradicional con ubicaci\u00f3n f\u00edsica como proyectos completamente digitales.<\/p>\n<p>Disponemos de soluciones a cualquier nivel de precios y tama\u00f1o en: marketing digital, consultor\u00eda, imagen corporativa, redes sociales, webs, APPs, contenidos, dise\u00f1o y hosting.<\/p>\n<p>Nuestro lema es: \u201caplicamos inteligencia a la tecnolog\u00eda\u201d ya que ello de define a la perfecci\u00f3n nuestra principal cualidad como empresa, la cual es subir a otro nivel lo que la mayor\u00eda de empresas de marketing digital hacen.\u00a0 En Pixia aplicamos lo \u00faltimo que existe a nivel tecnol\u00f3gico en Internet y el social media marketing con la finalidad de optimizar, facilitar y mejorar la presencia en Internet y el marketing de cualquier tipo de empresa.<\/p>\n<p>[\/et_pb_text][\/et_pb_column][\/et_pb_row][\/et_pb_section][et_pb_section fb_built=&#8221;1&#8243; _builder_version=&#8221;4.16&#8243; _module_preset=&#8221;default&#8221; background_enable_image=&#8221;off&#8221; global_module=&#8221;16514&#8243; saved_tabs=&#8221;all&#8221; global_colors_info=&#8221;{}&#8221; theme_builder_area=&#8221;post_content&#8221;][et_pb_row column_structure=&#8221;1_4,1_4,1_4,1_4&#8243; _builder_version=&#8221;4.16&#8243; _module_preset=&#8221;default&#8221; global_colors_info=&#8221;{}&#8221; theme_builder_area=&#8221;post_content&#8221;][et_pb_column type=&#8221;1_4&#8243; _builder_version=&#8221;4.16&#8243; _module_preset=&#8221;default&#8221; global_colors_info=&#8221;{}&#8221; theme_builder_area=&#8221;post_content&#8221;][et_pb_text _builder_version=&#8221;4.19.4&#8243; _module_preset=&#8221;0874a7ef-fda6-4460-964c-06187d4d2262&#8243; header_4_font=&#8221;Oswald|||on|||||&#8221; header_4_text_color=&#8221;#FFFFFF&#8221; header_4_font_size=&#8221;12px&#8221; background_color=&#8221;#000000&#8243; custom_margin=&#8221;||10px||false|false&#8221; custom_padding=&#8221;8px|10px||10px|false|true&#8221; locked=&#8221;off&#8221; global_colors_info=&#8221;{}&#8221; theme_builder_area=&#8221;post_content&#8221;]<\/p>\n<h4>TECNIO<\/h4>\n<p>[\/et_pb_text][et_pb_text _builder_version=&#8221;4.19.4&#8243; _module_preset=&#8221;484d2cfc-5d7f-4741-92db-06bcac696713&#8243; text_font=&#8221;Roboto Mono||||||||&#8221; text_font_size=&#8221;11px&#8221; text_line_height=&#8221;1.8em&#8221; link_text_color=&#8221;#000000&#8243; max_width=&#8221;800px&#8221; text_font_size_tablet=&#8221;15px&#8221; text_font_size_phone=&#8221;14px&#8221; text_font_size_last_edited=&#8221;off|desktop&#8221; global_colors_info=&#8221;{}&#8221; theme_builder_area=&#8221;post_content&#8221;]<\/p>\n<p><a href=\"https:\/\/foldingfoldable.com\/web\/como-funciona\/\">C\u00f3mo funciona<\/a><\/p>\n<p><a href=\"https:\/\/foldingfoldable.com\/web\/formulario-asesoramiento-ayuda-soporte-online\/?wpsc-section=new-ticket\">Haz tu consulta<\/a><\/p>\n<p><a href=\"https:\/\/foldingfoldable.com\/web\/planes-de-soporte\/\">Planes de soporte<\/a><\/p>\n<p><a href=\"https:\/\/foldingfoldable.com\/web\/tematicas-que-damos-soporte\/\">Tem\u00e1ticas que damos soporte<\/a><a href=\"#\"><\/a><\/p>\n<p>[\/et_pb_text][\/et_pb_column][et_pb_column type=&#8221;1_4&#8243; _builder_version=&#8221;4.16&#8243; _module_preset=&#8221;default&#8221; global_colors_info=&#8221;{}&#8221; theme_builder_area=&#8221;post_content&#8221;][et_pb_text _builder_version=&#8221;4.19.4&#8243; _module_preset=&#8221;0874a7ef-fda6-4460-964c-06187d4d2262&#8243; header_4_font=&#8221;Oswald|||on|||||&#8221; header_4_text_color=&#8221;#FFFFFF&#8221; header_4_font_size=&#8221;12px&#8221; background_color=&#8221;#000000&#8243; custom_margin=&#8221;||10px||false|false&#8221; custom_padding=&#8221;8px|10px||10px|false|true&#8221; locked=&#8221;off&#8221; global_colors_info=&#8221;{}&#8221; theme_builder_area=&#8221;post_content&#8221;]<\/p>\n<h4>Funcionamiento<\/h4>\n<p>[\/et_pb_text][et_pb_text _builder_version=&#8221;4.19.4&#8243; _module_preset=&#8221;484d2cfc-5d7f-4741-92db-06bcac696713&#8243; text_font=&#8221;Roboto Mono||||||||&#8221; text_font_size=&#8221;11px&#8221; text_line_height=&#8221;1.8em&#8221; link_text_color=&#8221;#000000&#8243; max_width=&#8221;800px&#8221; text_font_size_tablet=&#8221;15px&#8221; text_font_size_phone=&#8221;14px&#8221; text_font_size_last_edited=&#8221;off|tablet&#8221; locked=&#8221;off&#8221; global_colors_info=&#8221;{}&#8221; theme_builder_area=&#8221;post_content&#8221;]<\/p>\n<p><a href=\"https:\/\/foldingfoldable.com\/web\/pasos\/\">Pasos<\/a><\/p>\n<p><a href=\"https:\/\/foldingfoldable.com\/web\/que-soluciones-te-puede-ofrecer-tecnio\/\">Qu\u00e9 soluciones te puede ofrecer Tecnio<\/a><\/p>\n<p><a href=\"https:\/\/foldingfoldable.com\/web\/que-es-tecnio-explicacion\/\">\u00bfQu\u00e9 es Tecnio?<\/a><\/p>\n<p><a href=\"#\">Adipiscing elit<\/a><\/p>\n<p><a href=\"#\">Vivamus suscipit <\/a><\/p>\n<p><a href=\"#\">Tortor eget<\/a><\/p>\n<p><a href=\"#\">Felis porttitor<\/a><\/p>\n<p>[\/et_pb_text][\/et_pb_column][et_pb_column type=&#8221;1_4&#8243; _builder_version=&#8221;4.16&#8243; _module_preset=&#8221;default&#8221; global_colors_info=&#8221;{}&#8221; theme_builder_area=&#8221;post_content&#8221;][et_pb_text _builder_version=&#8221;4.19.4&#8243; _module_preset=&#8221;0874a7ef-fda6-4460-964c-06187d4d2262&#8243; header_4_font=&#8221;Oswald|||on|||||&#8221; header_4_text_color=&#8221;#FFFFFF&#8221; header_4_font_size=&#8221;12px&#8221; background_color=&#8221;#000000&#8243; custom_margin=&#8221;||10px||false|false&#8221; custom_padding=&#8221;8px|10px||10px|false|true&#8221; locked=&#8221;off&#8221; global_colors_info=&#8221;{}&#8221; theme_builder_area=&#8221;post_content&#8221;]<\/p>\n<h4>Mi cuenta<\/h4>\n<p>[\/et_pb_text][et_pb_text _builder_version=&#8221;4.19.4&#8243; _module_preset=&#8221;484d2cfc-5d7f-4741-92db-06bcac696713&#8243; text_font=&#8221;Roboto Mono||||||||&#8221; text_font_size=&#8221;11px&#8221; text_line_height=&#8221;1.8em&#8221; link_text_color=&#8221;#000000&#8243; max_width=&#8221;800px&#8221; text_font_size_tablet=&#8221;15px&#8221; text_font_size_phone=&#8221;14px&#8221; text_font_size_last_edited=&#8221;off|tablet&#8221; locked=&#8221;off&#8221; global_colors_info=&#8221;{}&#8221; theme_builder_area=&#8221;post_content&#8221;]<\/p>\n<p><a href=\"https:\/\/foldingfoldable.com\/web\/registro-de-usuario\/\">Registro de usuario<\/a><\/p>\n<p><a href=\"https:\/\/foldingfoldable.com\/web\/formulario-asesoramiento-ayuda-soporte-online\/?wpsc-section=ticket-list\">Mis consultas<\/a><\/p>\n<p><a href=\"https:\/\/foldingfoldable.com\/web\/mi-cuenta\/\">Detalle de mi cuenta<\/a><\/p>\n<p><a href=\"https:\/\/foldingfoldable.com\/web\/mi-cuenta\/\">Gestion de tickets<\/a><\/p>\n<p><a href=\"https:\/\/foldingfoldable.com\/web\/wp-login.php?action=logout&amp;redirect_to=https%3A%2F%2Ffoldingfoldable.com%2Fweb%2Fcomo-funciona%2F&amp;_wpnonce=b577f56933\">Salir<\/a><a href=\"#\"><\/a>\u00a0<\/p>\n<p>[\/et_pb_text][\/et_pb_column][et_pb_column type=&#8221;1_4&#8243; _builder_version=&#8221;4.16&#8243; _module_preset=&#8221;default&#8221; global_colors_info=&#8221;{}&#8221; theme_builder_area=&#8221;post_content&#8221;][et_pb_signup mailchimp_list=&#8221;elegantthemestest|1ea2bbd026&#8243; _builder_version=&#8221;4.16&#8243; _module_preset=&#8221;default&#8221; form_field_background_color=&#8221;RGBA(255,255,255,0)&#8221; form_field_text_color=&#8221;#000000&#8243; form_field_custom_padding=&#8221;0px|0px|6px|0px|false|true&#8221; form_field_font=&#8221;Roboto Mono||||||||&#8221; form_field_font_size=&#8221;12px&#8221; use_background_color=&#8221;off&#8221; custom_button=&#8221;on&#8221; button_text_size=&#8221;13px&#8221; button_text_color=&#8221;#FFFFFF&#8221; button_bg_color=&#8221;#000000&#8243; button_border_width=&#8221;0px&#8221; button_border_radius=&#8221;0px&#8221; button_letter_spacing=&#8221;1px&#8221; button_font=&#8221;Oswald|||on|||||&#8221; button_custom_padding=&#8221;12px||12px||true|false&#8221; border_radii_fields=&#8221;on|0px|0px|0px|0px&#8221; border_width_bottom_fields=&#8221;1px&#8221; global_colors_info=&#8221;{}&#8221; theme_builder_area=&#8221;post_content&#8221;][\/et_pb_signup][\/et_pb_column][\/et_pb_row][et_pb_row column_structure=&#8221;1_4,1_4,1_4,1_4&#8243; _builder_version=&#8221;4.16&#8243; _module_preset=&#8221;default&#8221; global_colors_info=&#8221;{}&#8221; theme_builder_area=&#8221;post_content&#8221;][et_pb_column type=&#8221;1_4&#8243; _builder_version=&#8221;4.16&#8243; _module_preset=&#8221;default&#8221; global_colors_info=&#8221;{}&#8221; theme_builder_area=&#8221;post_content&#8221;][et_pb_text _builder_version=&#8221;4.19.4&#8243; _module_preset=&#8221;a8409e17-25cb-454e-bc3b-ac1717bd963d&#8221; header_font=&#8221;||||||||&#8221; header_3_font=&#8221;Oswald|||on|||||&#8221; header_3_text_color=&#8221;#000645&#8243; header_3_font_size=&#8221;26px&#8221; header_3_letter_spacing=&#8221;1px&#8221; header_3_line_height=&#8221;1.4em&#8221; header_3_font_size_tablet=&#8221;20px&#8221; header_3_font_size_phone=&#8221;16px&#8221; header_3_font_size_last_edited=&#8221;on|phone&#8221; global_colors_info=&#8221;{}&#8221; theme_builder_area=&#8221;post_content&#8221;]<\/p>\n<h3>\u00bfTienes alguna duda?<\/h3>\n<p>[\/et_pb_text][\/et_pb_column][et_pb_column type=&#8221;1_4&#8243; _builder_version=&#8221;4.16&#8243; _module_preset=&#8221;default&#8221; global_colors_info=&#8221;{}&#8221; theme_builder_area=&#8221;post_content&#8221;][et_pb_blurb title=&#8221;info@tecnio.es&#8221; url_new_window=&#8221;on&#8221; use_icon=&#8221;on&#8221; font_icon=&#8221;&#xe076;||divi||400&#8243; icon_color=&#8221;#d0d3d9&#8243; icon_placement=&#8221;left&#8221; image_icon_width=&#8221;25px&#8221; _builder_version=&#8221;4.19.4&#8243; _module_preset=&#8221;default&#8221; header_font=&#8221;Roboto Mono|500||on|||||&#8221; header_text_color=&#8221;#8083a2&#8243; header_font_size=&#8221;12px&#8221; header_letter_spacing=&#8221;1px&#8221; header_line_height=&#8221;2em&#8221; body_font=&#8221;Oswald|||on|||||&#8221; body_text_color=&#8221;#000000&#8243; body_letter_spacing=&#8221;1px&#8221; body_line_height=&#8221;1.4em&#8221; text_orientation=&#8221;center&#8221; animation=&#8221;off&#8221; link_option_url=&#8221;mailto: info@tecnio.es&#8221; icon_font_size=&#8221;25px&#8221; use_circle=&#8221;off&#8221; circle_color=&#8221;#faf8f4&#8243; global_colors_info=&#8221;{}&#8221; theme_builder_area=&#8221;post_content&#8221;][\/et_pb_blurb][\/et_pb_column][et_pb_column type=&#8221;1_4&#8243; _builder_version=&#8221;4.16&#8243; _module_preset=&#8221;default&#8221; global_colors_info=&#8221;{}&#8221; theme_builder_area=&#8221;post_content&#8221;][et_pb_blurb title=&#8221;255 352-6258&#8243; use_icon=&#8221;on&#8221; font_icon=&#8221;&#xe090;||divi||400&#8243; icon_color=&#8221;#d0d3d9&#8243; icon_placement=&#8221;left&#8221; image_icon_width=&#8221;25px&#8221; _builder_version=&#8221;4.16&#8243; _module_preset=&#8221;default&#8221; header_font=&#8221;Roboto Mono|500||on|||||&#8221; header_text_color=&#8221;#8083a2&#8243; header_font_size=&#8221;12px&#8221; header_letter_spacing=&#8221;1px&#8221; header_line_height=&#8221;2em&#8221; body_font=&#8221;Oswald|||on|||||&#8221; body_text_color=&#8221;#000000&#8243; body_letter_spacing=&#8221;1px&#8221; body_line_height=&#8221;1.4em&#8221; animation=&#8221;off&#8221; icon_font_size=&#8221;25px&#8221; use_circle=&#8221;off&#8221; circle_color=&#8221;#faf8f4&#8243; locked=&#8221;off&#8221; global_colors_info=&#8221;{}&#8221; theme_builder_area=&#8221;post_content&#8221;][\/et_pb_blurb][\/et_pb_column][et_pb_column type=&#8221;1_4&#8243; _builder_version=&#8221;4.16&#8243; _module_preset=&#8221;default&#8221; global_colors_info=&#8221;{}&#8221; theme_builder_area=&#8221;post_content&#8221;][et_pb_social_media_follow _builder_version=&#8221;4.16&#8243; _module_preset=&#8221;default&#8221; global_colors_info=&#8221;{}&#8221; theme_builder_area=&#8221;post_content&#8221;][et_pb_social_media_follow_network social_network=&#8221;facebook&#8221; icon_color=&#8221;#4553e8&#8243; _builder_version=&#8221;4.16&#8243; _module_preset=&#8221;default&#8221; background_color=&#8221;#e7eaff&#8221; background_enable_color=&#8221;on&#8221; custom_padding=&#8221;||||false|false&#8221; border_radii=&#8221;on|50px|50px|50px|50px&#8221; global_colors_info=&#8221;{}&#8221; theme_builder_area=&#8221;post_content&#8221; follow_button=&#8221;off&#8221; url_new_window=&#8221;on&#8221;]facebook[\/et_pb_social_media_follow_network][et_pb_social_media_follow_network social_network=&#8221;twitter&#8221; icon_color=&#8221;#359f9e&#8221; _builder_version=&#8221;4.16&#8243; _module_preset=&#8221;default&#8221; background_color=&#8221;#d2e9e8&#8243; background_enable_color=&#8221;on&#8221; custom_padding=&#8221;||||false|false&#8221; border_radii=&#8221;on|50px|50px|50px|50px&#8221; global_colors_info=&#8221;{}&#8221; theme_builder_area=&#8221;post_content&#8221; follow_button=&#8221;off&#8221; url_new_window=&#8221;on&#8221;]twitter[\/et_pb_social_media_follow_network][et_pb_social_media_follow_network social_network=&#8221;youtube&#8221; icon_color=&#8221;#f5230b&#8221; _builder_version=&#8221;4.16&#8243; _module_preset=&#8221;default&#8221; background_color=&#8221;#ffceca&#8221; background_enable_color=&#8221;on&#8221; custom_padding=&#8221;||||false|false&#8221; border_radii=&#8221;on|50px|50px|50px|50px&#8221; global_colors_info=&#8221;{}&#8221; theme_builder_area=&#8221;post_content&#8221; follow_button=&#8221;off&#8221; url_new_window=&#8221;on&#8221;]youtube[\/et_pb_social_media_follow_network][\/et_pb_social_media_follow][\/et_pb_column][\/et_pb_row][\/et_pb_section]<\/p>\n","protected":false},"excerpt":{"rendered":"<p>Pixia nuestra marca experta en internet, marketing y dise\u00f1o\u00a0M\u00c1S DE 20 A\u00d1OS DE EXPERIENCIA EN EL MUNDO DE INTERNET, MARKETING DIGITAL Y DISE\u00d1O Ofrecemos productos y servicios llave en mano que tienen como finalidad hacer crecer los negocios digitales ya sean como complemento del negocio tradicional con ubicaci\u00f3n f\u00edsica como proyectos completamente digitales. Disponemos de [&hellip;]<\/p>\n","protected":false},"author":2,"featured_media":0,"parent":0,"menu_order":0,"comment_status":"closed","ping_status":"closed","template":"","meta":{"_et_pb_use_builder":"on","_et_pb_old_content":"","_et_gb_content_width":"","pmpro_default_level":"","footnotes":""},"categories":[],"tags":[],"class_list":["post-16785","page","type-page","status-publish","hentry","pmpro-has-access"],"_links":{"self":[{"href":"https:\/\/foldingfoldable.com\/web\/wp-json\/wp\/v2\/pages\/16785","targetHints":{"allow":["GET"]}}],"collection":[{"href":"https:\/\/foldingfoldable.com\/web\/wp-json\/wp\/v2\/pages"}],"about":[{"href":"https:\/\/foldingfoldable.com\/web\/wp-json\/wp\/v2\/types\/page"}],"author":[{"embeddable":true,"href":"https:\/\/foldingfoldable.com\/web\/wp-json\/wp\/v2\/users\/2"}],"replies":[{"embeddable":true,"href":"https:\/\/foldingfoldable.com\/web\/wp-json\/wp\/v2\/comments?post=16785"}],"version-history":[{"count":4,"href":"https:\/\/foldingfoldable.com\/web\/wp-json\/wp\/v2\/pages\/16785\/revisions"}],"predecessor-version":[{"id":16794,"href":"https:\/\/foldingfoldable.com\/web\/wp-json\/wp\/v2\/pages\/16785\/revisions\/16794"}],"wp:attachment":[{"href":"https:\/\/foldingfoldable.com\/web\/wp-json\/wp\/v2\/media?parent=16785"}],"wp:term":[{"taxonomy":"category","embeddable":true,"href":"https:\/\/foldingfoldable.com\/web\/wp-json\/wp\/v2\/categories?post=16785"},{"taxonomy":"post_tag","embeddable":true,"href":"https:\/\/foldingfoldable.com\/web\/wp-json\/wp\/v2\/tags?post=16785"}],"curies":[{"name":"wp","href":"https:\/\/api.w.org\/{rel}","templated":true}]}}