{"id":16752,"date":"2023-01-24T11:14:11","date_gmt":"2023-01-24T10:14:11","guid":{"rendered":"https:\/\/foldingfoldable.com\/web\/?page_id=16752"},"modified":"2023-01-24T11:16:56","modified_gmt":"2023-01-24T10:16:56","slug":"pasos","status":"publish","type":"page","link":"https:\/\/foldingfoldable.com\/web\/pasos\/","title":{"rendered":"Pasos"},"content":{"rendered":"<p>[et_pb_section fb_built=&#8221;1&#8243; _builder_version=&#8221;4.19.4&#8243; _module_preset=&#8221;default&#8221; background_color=&#8221;#FFFFFF&#8221; custom_margin=&#8221;70px||||false|false&#8221; global_colors_info=&#8221;{}&#8221; global_module=&#8221;16532&#8243; theme_builder_area=&#8221;post_content&#8221;][et_pb_row custom_padding_last_edited=&#8221;on|phone&#8221; _builder_version=&#8221;4.16&#8243; _module_preset=&#8221;default&#8221; use_background_color_gradient=&#8221;on&#8221; background_color_gradient_direction=&#8221;90deg&#8221; background_color_gradient_stops=&#8221;#b3f4ed 0%|#b0dfea 100%&#8221; background_color_gradient_start=&#8221;#b3f4ed&#8221; background_color_gradient_end=&#8221;#b0dfea&#8221; max_width=&#8221;900px&#8221; custom_margin=&#8221;-120px||||false|false&#8221; custom_margin_tablet=&#8221;-80px||||false|false&#8221; custom_margin_last_edited=&#8221;off|desktop&#8221; custom_padding=&#8221;70px|60px|40px|60px|false|true&#8221; custom_padding_tablet=&#8221;30px|30px|30px|30px|true|true&#8221; custom_padding_phone=&#8221;|20px||20px|true|true&#8221; locked=&#8221;off&#8221; global_colors_info=&#8221;{}&#8221; theme_builder_area=&#8221;post_content&#8221;][et_pb_column type=&#8221;4_4&#8243; _builder_version=&#8221;4.16&#8243; _module_preset=&#8221;default&#8221; custom_padding_tablet=&#8221;50px|100px|50px|100px|true|true&#8221; custom_padding_phone=&#8221;20px|20px|20px|20px|true|true&#8221; custom_padding_last_edited=&#8221;off|desktop&#8221; global_colors_info=&#8221;{}&#8221; theme_builder_area=&#8221;post_content&#8221;][et_pb_text _builder_version=&#8221;4.16&#8243; _module_preset=&#8221;83d94e9b-bff8-4c15-9e33-e7b1a7a21887&#8243; header_2_font=&#8221;Oswald|||on|||||&#8221; header_2_text_align=&#8221;center&#8221; header_2_text_color=&#8221;#000645&#8243; header_2_font_size=&#8221;46px&#8221; header_2_letter_spacing=&#8221;1px&#8221; header_2_line_height=&#8221;1.4em&#8221; header_2_font_size_tablet=&#8221;32px&#8221; header_2_font_size_phone=&#8221;20px&#8221; header_2_font_size_last_edited=&#8221;on|phone&#8221; global_colors_info=&#8221;{}&#8221; theme_builder_area=&#8221;post_content&#8221;]<\/p>\n<h2>PASOS<\/h2>\n<p>[\/et_pb_text][\/et_pb_column][\/et_pb_row][et_pb_row column_structure=&#8221;1_4,1_4,1_4,1_4&#8243; _builder_version=&#8221;4.19.4&#8243; _module_preset=&#8221;default&#8221; global_colors_info=&#8221;{}&#8221; theme_builder_area=&#8221;post_content&#8221;][et_pb_column type=&#8221;1_4&#8243; _builder_version=&#8221;4.16&#8243; _module_preset=&#8221;default&#8221; global_colors_info=&#8221;{}&#8221; theme_builder_area=&#8221;post_content&#8221;][et_pb_blurb title=&#8221;1&#8243; use_icon=&#8221;on&#8221; font_icon=&#8221;&#xf059;||fa||900&#8243; image_icon_width=&#8221;64px&#8221; _builder_version=&#8221;4.19.4&#8243; _module_preset=&#8221;0533b8f7-fa40-4aaf-973b-23088b81919f&#8221; header_font=&#8221;Oswald|600||on|||||&#8221; header_text_color=&#8221;#000000&#8243; header_font_size=&#8221;20px&#8221; header_letter_spacing=&#8221;1px&#8221; header_line_height=&#8221;1.5em&#8221; body_font=&#8221;Roboto Mono|||on|||||&#8221; body_text_align=&#8221;center&#8221; body_text_color=&#8221;#000000&#8243; body_font_size=&#8221;12px&#8221; body_letter_spacing=&#8221;1px&#8221; body_line_height=&#8221;1.6em&#8221; text_orientation=&#8221;center&#8221; animation=&#8221;off&#8221; header_font_size_tablet=&#8221;18px&#8221; header_font_size_phone=&#8221;16px&#8221; header_font_size_last_edited=&#8221;on|phone&#8221; image_max_width=&#8221;96px&#8221; icon_font_size=&#8221;16px&#8221; use_circle=&#8221;on&#8221; circle_color=&#8221;#faf8f4&#8243; locked=&#8221;off&#8221; global_colors_info=&#8221;{}&#8221; theme_builder_area=&#8221;post_content&#8221;]<\/p>\n<p>Nos haces tu consulta<\/p>\n<p>[\/et_pb_blurb][\/et_pb_column][et_pb_column type=&#8221;1_4&#8243; _builder_version=&#8221;4.16&#8243; _module_preset=&#8221;default&#8221; global_colors_info=&#8221;{}&#8221; theme_builder_area=&#8221;post_content&#8221;][et_pb_blurb title=&#8221;2&#8243; use_icon=&#8221;on&#8221; font_icon=&#8221;&#xf560;||fa||900&#8243; image_icon_width=&#8221;64px&#8221; _builder_version=&#8221;4.19.4&#8243; _module_preset=&#8221;0533b8f7-fa40-4aaf-973b-23088b81919f&#8221; header_font=&#8221;Oswald|600||on|||||&#8221; header_text_color=&#8221;#000000&#8243; header_font_size=&#8221;20px&#8221; header_letter_spacing=&#8221;1px&#8221; header_line_height=&#8221;1.5em&#8221; body_font=&#8221;Roboto Mono|||on|||||&#8221; body_text_align=&#8221;center&#8221; body_text_color=&#8221;#000000&#8243; body_font_size=&#8221;12px&#8221; body_letter_spacing=&#8221;1px&#8221; body_line_height=&#8221;1.6em&#8221; text_orientation=&#8221;center&#8221; custom_margin=&#8221;||3px|||&#8221; animation=&#8221;off&#8221; header_font_size_tablet=&#8221;18px&#8221; header_font_size_phone=&#8221;16px&#8221; header_font_size_last_edited=&#8221;on|phone&#8221; image_max_width=&#8221;96px&#8221; icon_font_size=&#8221;16px&#8221; use_circle=&#8221;on&#8221; circle_color=&#8221;#faf8f4&#8243; locked=&#8221;off&#8221; global_colors_info=&#8221;{}&#8221; theme_builder_area=&#8221;post_content&#8221;]<\/p>\n<p>Te contestamos en breve confirm\u00e1ndote que despu\u00e9s de estudiar tu consulta te podemos dar una buena soluci\u00f3n.<\/p>\n<p>Te informamos tambi\u00e9n del tipo de soluci\u00f3n que te podemos dar en base a lo que nos hayas indicado en tu consulta:<\/p>\n<p>[\/et_pb_blurb][et_pb_toggle title=&#8221;UNA SOLUCI\u00d3N COMPLETA&#8221; open_toggle_text_color=&#8221;#000645&#8243; open_toggle_background_color=&#8221;#FFFFFF&#8221; closed_toggle_background_color=&#8221;#FFFFFF&#8221; icon_color=&#8221;#fd335a&#8221; open_icon_color=&#8221;#fd335a&#8221; _builder_version=&#8221;4.19.4&#8243; _module_preset=&#8221;default&#8221; title_text_color=&#8221;#000645&#8243; title_font=&#8221;Roboto Mono|500||on|||||&#8221; title_font_size=&#8221;13px&#8221; title_letter_spacing=&#8221;1px&#8221; title_line_height=&#8221;1.3em&#8221; body_font=&#8221;Roboto Mono||||||||&#8221; body_text_color=&#8221;#7f8092&#8243; body_font_size=&#8221;16px&#8221; body_line_height=&#8221;1.5em&#8221; custom_margin=&#8221;5px||5px||false|false&#8221; border_width_all=&#8221;0px&#8221; border_width_bottom=&#8221;1px&#8221; border_color_bottom=&#8221;#d9e4e4&#8243; locked=&#8221;off&#8221; global_colors_info=&#8221;{}&#8221; theme_builder_area=&#8221;post_content&#8221;]<\/p>\n<p><span style=\"font-weight: 400;\">Significa que te podemos dar una soluci\u00f3n completa sin que tengas que hacer nada por tu parte. Con lo que te entregaremos o te haremos tendr\u00e1s resuelta completamente tu consulta.<\/span><\/p>\n<p>[\/et_pb_toggle][et_pb_toggle title=&#8221;Una soluci\u00f3n detallada explicativa de como llegar por parte tuya a la soluci\u00f3n&#8221; open_toggle_text_color=&#8221;#000645&#8243; open_toggle_background_color=&#8221;#FFFFFF&#8221; closed_toggle_background_color=&#8221;#FFFFFF&#8221; icon_color=&#8221;#fd335a&#8221; open_icon_color=&#8221;#fd335a&#8221; _builder_version=&#8221;4.19.4&#8243; _module_preset=&#8221;default&#8221; title_text_color=&#8221;#000645&#8243; title_font=&#8221;Roboto Mono|500||on|||||&#8221; title_font_size=&#8221;13px&#8221; title_letter_spacing=&#8221;1px&#8221; title_line_height=&#8221;1.3em&#8221; body_font=&#8221;Roboto Mono||||||||&#8221; body_text_color=&#8221;#7f8092&#8243; body_font_size=&#8221;16px&#8221; body_line_height=&#8221;1.5em&#8221; custom_margin=&#8221;2px||3px||false|false&#8221; custom_padding=&#8221;||33px|||&#8221; border_width_all=&#8221;0px&#8221; border_width_bottom=&#8221;1px&#8221; border_color_bottom=&#8221;#d9e4e4&#8243; locked=&#8221;off&#8221; global_colors_info=&#8221;{}&#8221; theme_builder_area=&#8221;post_content&#8221;]<\/p>\n<p>Te informamos detalladamente como llegar por parte tuya a la soluci\u00f3n. Esta soluci\u00f3n se da habitualmente cuando la inversi\u00f3n por nuestra parte en horas es superior al tiempo que podemos invertir seg\u00fan el tipo de consulta que has elegido.<\/p>\n<p>[\/et_pb_toggle][et_pb_blurb image_icon_width=&#8221;64px&#8221; _builder_version=&#8221;4.19.4&#8243; _module_preset=&#8221;0533b8f7-fa40-4aaf-973b-23088b81919f&#8221; header_font=&#8221;Oswald|500||on|||||&#8221; header_text_color=&#8221;#000000&#8243; header_font_size=&#8221;20px&#8221; header_letter_spacing=&#8221;1px&#8221; header_line_height=&#8221;1.5em&#8221; body_font=&#8221;Roboto Mono|700||on|||||&#8221; body_text_align=&#8221;center&#8221; body_text_color=&#8221;#000000&#8243; body_font_size=&#8221;13px&#8221; body_letter_spacing=&#8221;1px&#8221; body_line_height=&#8221;1.6em&#8221; text_orientation=&#8221;center&#8221; custom_margin=&#8221;19px||||false|false&#8221; custom_padding=&#8221;1px||1px||false|false&#8221; animation=&#8221;off&#8221; header_font_size_tablet=&#8221;18px&#8221; header_font_size_phone=&#8221;16px&#8221; header_font_size_last_edited=&#8221;on|phone&#8221; image_max_width=&#8221;96px&#8221; icon_font_size=&#8221;16px&#8221; use_circle=&#8221;on&#8221; circle_color=&#8221;#faf8f4&#8243; locked=&#8221;off&#8221; global_colors_info=&#8221;{}&#8221; theme_builder_area=&#8221;post_content&#8221;]<\/p>\n<p><span style=\"font-weight: 400;\">Hasta aqu\u00ed no pagas nada. <\/span><\/p>\n<p>[\/et_pb_blurb][\/et_pb_column][et_pb_column type=&#8221;1_4&#8243; _builder_version=&#8221;4.16&#8243; _module_preset=&#8221;default&#8221; global_colors_info=&#8221;{}&#8221; theme_builder_area=&#8221;post_content&#8221;][et_pb_blurb title=&#8221;3&#8243; use_icon=&#8221;on&#8221; font_icon=&#8221;&#xf07a;||fa||900&#8243; image_icon_width=&#8221;64px&#8221; _builder_version=&#8221;4.19.4&#8243; _module_preset=&#8221;0533b8f7-fa40-4aaf-973b-23088b81919f&#8221; header_font=&#8221;Oswald|600||on|||||&#8221; header_text_color=&#8221;#000000&#8243; header_font_size=&#8221;20px&#8221; header_letter_spacing=&#8221;1px&#8221; header_line_height=&#8221;1.5em&#8221; body_font=&#8221;Roboto Mono|||on|||||&#8221; body_text_align=&#8221;center&#8221; body_text_color=&#8221;#000000&#8243; body_font_size=&#8221;12px&#8221; body_letter_spacing=&#8221;1px&#8221; body_line_height=&#8221;1.6em&#8221; text_orientation=&#8221;center&#8221; animation=&#8221;off&#8221; header_font_size_tablet=&#8221;18px&#8221; header_font_size_phone=&#8221;16px&#8221; header_font_size_last_edited=&#8221;on|phone&#8221; image_max_width=&#8221;96px&#8221; icon_font_size=&#8221;16px&#8221; use_circle=&#8221;on&#8221; circle_color=&#8221;#faf8f4&#8243; locked=&#8221;off&#8221; global_colors_info=&#8221;{}&#8221; theme_builder_area=&#8221;post_content&#8221;]<\/p>\n<p>Realizas el pago si es un servicio puntual o si tienes el servicio mensual de consultas no hace falta que hagas nada. Cada consulta consumir\u00e1 un cr\u00e9dito.<\/p>\n<p>[\/et_pb_blurb][\/et_pb_column][et_pb_column type=&#8221;1_4&#8243; _builder_version=&#8221;4.19.4&#8243; _module_preset=&#8221;default&#8221; global_colors_info=&#8221;{}&#8221; theme_builder_area=&#8221;post_content&#8221;][et_pb_blurb title=&#8221;4&#8243; use_icon=&#8221;on&#8221; font_icon=&#8221;&#xe00a;||divi||400&#8243; image_icon_width=&#8221;64px&#8221; _builder_version=&#8221;4.19.4&#8243; _module_preset=&#8221;0533b8f7-fa40-4aaf-973b-23088b81919f&#8221; header_font=&#8221;Oswald|600||on|||||&#8221; header_text_color=&#8221;#000000&#8243; header_font_size=&#8221;20px&#8221; header_letter_spacing=&#8221;1px&#8221; header_line_height=&#8221;1.5em&#8221; body_font=&#8221;Roboto Mono|||on|||||&#8221; body_text_align=&#8221;center&#8221; body_text_color=&#8221;#000000&#8243; body_font_size=&#8221;12px&#8221; body_letter_spacing=&#8221;1px&#8221; body_line_height=&#8221;1.6em&#8221; text_orientation=&#8221;center&#8221; animation=&#8221;off&#8221; header_font_size_tablet=&#8221;18px&#8221; header_font_size_phone=&#8221;16px&#8221; header_font_size_last_edited=&#8221;on|phone&#8221; image_max_width=&#8221;96px&#8221; icon_font_size=&#8221;16px&#8221; use_circle=&#8221;on&#8221; circle_color=&#8221;#faf8f4&#8243; locked=&#8221;off&#8221; global_colors_info=&#8221;{}&#8221; theme_builder_area=&#8221;post_content&#8221;]<\/p>\n<p>Te contestamos tu consulta con una soluci\u00f3n.<\/p>\n<p>[\/et_pb_blurb][\/et_pb_column][\/et_pb_row][\/et_pb_section][et_pb_section fb_built=&#8221;1&#8243; _builder_version=&#8221;4.16&#8243; _module_preset=&#8221;default&#8221; background_enable_image=&#8221;off&#8221; global_module=&#8221;16514&#8243; saved_tabs=&#8221;all&#8221; global_colors_info=&#8221;{}&#8221;][et_pb_row column_structure=&#8221;1_4,1_4,1_4,1_4&#8243; _builder_version=&#8221;4.16&#8243; _module_preset=&#8221;default&#8221; global_colors_info=&#8221;{}&#8221;][et_pb_column type=&#8221;1_4&#8243; _builder_version=&#8221;4.16&#8243; _module_preset=&#8221;default&#8221; global_colors_info=&#8221;{}&#8221;][et_pb_text _builder_version=&#8221;4.19.4&#8243; _module_preset=&#8221;0874a7ef-fda6-4460-964c-06187d4d2262&#8243; header_4_font=&#8221;Oswald|||on|||||&#8221; header_4_text_color=&#8221;#FFFFFF&#8221; header_4_font_size=&#8221;12px&#8221; background_color=&#8221;#000000&#8243; custom_margin=&#8221;||10px||false|false&#8221; custom_padding=&#8221;8px|10px||10px|false|true&#8221; locked=&#8221;off&#8221; global_colors_info=&#8221;{}&#8221;]<\/p>\n<h4>TECNIO<\/h4>\n<p>[\/et_pb_text][et_pb_text _builder_version=&#8221;4.19.4&#8243; _module_preset=&#8221;484d2cfc-5d7f-4741-92db-06bcac696713&#8243; text_font=&#8221;Roboto Mono||||||||&#8221; text_font_size=&#8221;11px&#8221; text_line_height=&#8221;1.8em&#8221; link_text_color=&#8221;#000000&#8243; max_width=&#8221;800px&#8221; text_font_size_tablet=&#8221;15px&#8221; text_font_size_phone=&#8221;14px&#8221; text_font_size_last_edited=&#8221;off|desktop&#8221; global_colors_info=&#8221;{}&#8221;]<\/p>\n<p><a href=\"https:\/\/foldingfoldable.com\/web\/como-funciona\/\">C\u00f3mo funciona<\/a><\/p>\n<p><a href=\"https:\/\/foldingfoldable.com\/web\/formulario-asesoramiento-ayuda-soporte-online\/?wpsc-section=new-ticket\">Haz tu consulta<\/a><\/p>\n<p><a href=\"https:\/\/foldingfoldable.com\/web\/planes-de-soporte\/\">Planes de soporte<\/a><\/p>\n<p><a href=\"https:\/\/foldingfoldable.com\/web\/tematicas-que-damos-soporte\/\">Tem\u00e1ticas que damos soporte<\/a><a href=\"#\"><\/a><\/p>\n<p>[\/et_pb_text][\/et_pb_column][et_pb_column type=&#8221;1_4&#8243; _builder_version=&#8221;4.16&#8243; _module_preset=&#8221;default&#8221; global_colors_info=&#8221;{}&#8221;][et_pb_text _builder_version=&#8221;4.19.4&#8243; _module_preset=&#8221;0874a7ef-fda6-4460-964c-06187d4d2262&#8243; header_4_font=&#8221;Oswald|||on|||||&#8221; header_4_text_color=&#8221;#FFFFFF&#8221; header_4_font_size=&#8221;12px&#8221; background_color=&#8221;#000000&#8243; custom_margin=&#8221;||10px||false|false&#8221; custom_padding=&#8221;8px|10px||10px|false|true&#8221; locked=&#8221;off&#8221; global_colors_info=&#8221;{}&#8221;]<\/p>\n<h4>Funcionamiento<\/h4>\n<p>[\/et_pb_text][et_pb_text _builder_version=&#8221;4.16&#8243; _module_preset=&#8221;484d2cfc-5d7f-4741-92db-06bcac696713&#8243; text_font=&#8221;Roboto Mono||||||||&#8221; text_font_size=&#8221;11px&#8221; text_line_height=&#8221;1.8em&#8221; link_text_color=&#8221;#000000&#8243; max_width=&#8221;800px&#8221; text_font_size_tablet=&#8221;15px&#8221; text_font_size_phone=&#8221;14px&#8221; text_font_size_last_edited=&#8221;off|tablet&#8221; locked=&#8221;off&#8221; global_colors_info=&#8221;{}&#8221;]<\/p>\n<p><a href=\"#\">Lorem ipsum <\/a><\/p>\n<p><a href=\"#\">Dolor sit amet<\/a><\/p>\n<p><a href=\"#\">Consectetur <\/a><\/p>\n<p><a href=\"#\">Adipiscing elit<\/a><\/p>\n<p><a href=\"#\">Vivamus suscipit <\/a><\/p>\n<p><a href=\"#\">Tortor eget<\/a><\/p>\n<p><a href=\"#\">Felis porttitor<\/a><\/p>\n<p>[\/et_pb_text][\/et_pb_column][et_pb_column type=&#8221;1_4&#8243; _builder_version=&#8221;4.16&#8243; _module_preset=&#8221;default&#8221; global_colors_info=&#8221;{}&#8221;][et_pb_text _builder_version=&#8221;4.19.4&#8243; _module_preset=&#8221;0874a7ef-fda6-4460-964c-06187d4d2262&#8243; header_4_font=&#8221;Oswald|||on|||||&#8221; header_4_text_color=&#8221;#FFFFFF&#8221; header_4_font_size=&#8221;12px&#8221; background_color=&#8221;#000000&#8243; custom_margin=&#8221;||10px||false|false&#8221; custom_padding=&#8221;8px|10px||10px|false|true&#8221; locked=&#8221;off&#8221; global_colors_info=&#8221;{}&#8221;]<\/p>\n<h4>Mi cuenta<\/h4>\n<p>[\/et_pb_text][et_pb_text _builder_version=&#8221;4.19.4&#8243; _module_preset=&#8221;484d2cfc-5d7f-4741-92db-06bcac696713&#8243; text_font=&#8221;Roboto Mono||||||||&#8221; text_font_size=&#8221;11px&#8221; text_line_height=&#8221;1.8em&#8221; link_text_color=&#8221;#000000&#8243; max_width=&#8221;800px&#8221; text_font_size_tablet=&#8221;15px&#8221; text_font_size_phone=&#8221;14px&#8221; text_font_size_last_edited=&#8221;off|tablet&#8221; locked=&#8221;off&#8221; global_colors_info=&#8221;{}&#8221;]<\/p>\n<p><a href=\"https:\/\/foldingfoldable.com\/web\/registro-de-usuario\/\">Registro de usuario<\/a><\/p>\n<p><a href=\"https:\/\/foldingfoldable.com\/web\/formulario-asesoramiento-ayuda-soporte-online\/?wpsc-section=ticket-list\">Mis consultas<\/a><\/p>\n<p><a href=\"https:\/\/foldingfoldable.com\/web\/mi-cuenta\/\">Detalle de mi cuenta<\/a><\/p>\n<p><a href=\"https:\/\/foldingfoldable.com\/web\/mi-cuenta\/\">Gestion de tickets<\/a><\/p>\n<p><a href=\"https:\/\/foldingfoldable.com\/web\/wp-login.php?action=logout&amp;redirect_to=https%3A%2F%2Ffoldingfoldable.com%2Fweb%2Fcomo-funciona%2F&amp;_wpnonce=b577f56933\">Salir<\/a><a href=\"#\"><\/a>\u00a0<\/p>\n<p>[\/et_pb_text][\/et_pb_column][et_pb_column type=&#8221;1_4&#8243; _builder_version=&#8221;4.16&#8243; _module_preset=&#8221;default&#8221; global_colors_info=&#8221;{}&#8221;][et_pb_signup mailchimp_list=&#8221;elegantthemestest|1ea2bbd026&#8243; _builder_version=&#8221;4.16&#8243; _module_preset=&#8221;default&#8221; form_field_background_color=&#8221;RGBA(255,255,255,0)&#8221; form_field_text_color=&#8221;#000000&#8243; form_field_custom_padding=&#8221;0px|0px|6px|0px|false|true&#8221; form_field_font=&#8221;Roboto Mono||||||||&#8221; form_field_font_size=&#8221;12px&#8221; use_background_color=&#8221;off&#8221; custom_button=&#8221;on&#8221; button_text_size=&#8221;13px&#8221; button_text_color=&#8221;#FFFFFF&#8221; button_bg_color=&#8221;#000000&#8243; button_border_width=&#8221;0px&#8221; button_border_radius=&#8221;0px&#8221; button_letter_spacing=&#8221;1px&#8221; button_font=&#8221;Oswald|||on|||||&#8221; button_custom_padding=&#8221;12px||12px||true|false&#8221; border_radii_fields=&#8221;on|0px|0px|0px|0px&#8221; border_width_bottom_fields=&#8221;1px&#8221; global_colors_info=&#8221;{}&#8221;][\/et_pb_signup][\/et_pb_column][\/et_pb_row][et_pb_row column_structure=&#8221;1_4,1_4,1_4,1_4&#8243; _builder_version=&#8221;4.16&#8243; _module_preset=&#8221;default&#8221; global_colors_info=&#8221;{}&#8221;][et_pb_column type=&#8221;1_4&#8243; _builder_version=&#8221;4.16&#8243; _module_preset=&#8221;default&#8221; global_colors_info=&#8221;{}&#8221;][et_pb_text _builder_version=&#8221;4.19.4&#8243; _module_preset=&#8221;a8409e17-25cb-454e-bc3b-ac1717bd963d&#8221; header_font=&#8221;||||||||&#8221; header_3_font=&#8221;Oswald|||on|||||&#8221; header_3_text_color=&#8221;#000645&#8243; header_3_font_size=&#8221;26px&#8221; header_3_letter_spacing=&#8221;1px&#8221; header_3_line_height=&#8221;1.4em&#8221; header_3_font_size_tablet=&#8221;20px&#8221; header_3_font_size_phone=&#8221;16px&#8221; header_3_font_size_last_edited=&#8221;on|phone&#8221; global_colors_info=&#8221;{}&#8221;]<\/p>\n<h3>\u00bfTienes alguna duda?<\/h3>\n<p>[\/et_pb_text][\/et_pb_column][et_pb_column type=&#8221;1_4&#8243; _builder_version=&#8221;4.16&#8243; _module_preset=&#8221;default&#8221; global_colors_info=&#8221;{}&#8221;][et_pb_blurb title=&#8221;info@tecnio.es&#8221; url_new_window=&#8221;on&#8221; use_icon=&#8221;on&#8221; font_icon=&#8221;&#xe076;||divi||400&#8243; icon_color=&#8221;#d0d3d9&#8243; icon_placement=&#8221;left&#8221; image_icon_width=&#8221;25px&#8221; _builder_version=&#8221;4.19.4&#8243; _module_preset=&#8221;default&#8221; header_font=&#8221;Roboto Mono|500||on|||||&#8221; header_text_color=&#8221;#8083a2&#8243; header_font_size=&#8221;12px&#8221; header_letter_spacing=&#8221;1px&#8221; header_line_height=&#8221;2em&#8221; body_font=&#8221;Oswald|||on|||||&#8221; body_text_color=&#8221;#000000&#8243; body_letter_spacing=&#8221;1px&#8221; body_line_height=&#8221;1.4em&#8221; text_orientation=&#8221;center&#8221; animation=&#8221;off&#8221; link_option_url=&#8221;mailto: info@tecnio.es&#8221; icon_font_size=&#8221;25px&#8221; use_circle=&#8221;off&#8221; circle_color=&#8221;#faf8f4&#8243; global_colors_info=&#8221;{}&#8221;][\/et_pb_blurb][\/et_pb_column][et_pb_column type=&#8221;1_4&#8243; _builder_version=&#8221;4.16&#8243; _module_preset=&#8221;default&#8221; global_colors_info=&#8221;{}&#8221;][et_pb_blurb title=&#8221;255 352-6258&#8243; use_icon=&#8221;on&#8221; font_icon=&#8221;&#xe090;||divi||400&#8243; icon_color=&#8221;#d0d3d9&#8243; icon_placement=&#8221;left&#8221; image_icon_width=&#8221;25px&#8221; _builder_version=&#8221;4.16&#8243; _module_preset=&#8221;default&#8221; header_font=&#8221;Roboto Mono|500||on|||||&#8221; header_text_color=&#8221;#8083a2&#8243; header_font_size=&#8221;12px&#8221; header_letter_spacing=&#8221;1px&#8221; header_line_height=&#8221;2em&#8221; body_font=&#8221;Oswald|||on|||||&#8221; body_text_color=&#8221;#000000&#8243; body_letter_spacing=&#8221;1px&#8221; body_line_height=&#8221;1.4em&#8221; animation=&#8221;off&#8221; icon_font_size=&#8221;25px&#8221; use_circle=&#8221;off&#8221; circle_color=&#8221;#faf8f4&#8243; locked=&#8221;off&#8221; global_colors_info=&#8221;{}&#8221;][\/et_pb_blurb][\/et_pb_column][et_pb_column type=&#8221;1_4&#8243; _builder_version=&#8221;4.16&#8243; _module_preset=&#8221;default&#8221; global_colors_info=&#8221;{}&#8221;][et_pb_social_media_follow _builder_version=&#8221;4.16&#8243; _module_preset=&#8221;default&#8221; global_colors_info=&#8221;{}&#8221;][et_pb_social_media_follow_network social_network=&#8221;facebook&#8221; icon_color=&#8221;#4553e8&#8243; _builder_version=&#8221;4.16&#8243; _module_preset=&#8221;default&#8221; background_color=&#8221;#e7eaff&#8221; background_enable_color=&#8221;on&#8221; custom_padding=&#8221;||||false|false&#8221; border_radii=&#8221;on|50px|50px|50px|50px&#8221; global_colors_info=&#8221;{}&#8221; follow_button=&#8221;off&#8221; url_new_window=&#8221;on&#8221;]facebook[\/et_pb_social_media_follow_network][et_pb_social_media_follow_network social_network=&#8221;twitter&#8221; icon_color=&#8221;#359f9e&#8221; _builder_version=&#8221;4.16&#8243; _module_preset=&#8221;default&#8221; background_color=&#8221;#d2e9e8&#8243; background_enable_color=&#8221;on&#8221; custom_padding=&#8221;||||false|false&#8221; border_radii=&#8221;on|50px|50px|50px|50px&#8221; global_colors_info=&#8221;{}&#8221; follow_button=&#8221;off&#8221; url_new_window=&#8221;on&#8221;]twitter[\/et_pb_social_media_follow_network][et_pb_social_media_follow_network social_network=&#8221;youtube&#8221; icon_color=&#8221;#f5230b&#8221; _builder_version=&#8221;4.16&#8243; _module_preset=&#8221;default&#8221; background_color=&#8221;#ffceca&#8221; background_enable_color=&#8221;on&#8221; custom_padding=&#8221;||||false|false&#8221; border_radii=&#8221;on|50px|50px|50px|50px&#8221; global_colors_info=&#8221;{}&#8221; follow_button=&#8221;off&#8221; url_new_window=&#8221;on&#8221;]youtube[\/et_pb_social_media_follow_network][\/et_pb_social_media_follow][\/et_pb_column][\/et_pb_row][\/et_pb_section]<\/p>\n","protected":false},"excerpt":{"rendered":"<p>PASOSNos haces tu consultaTe contestamos en breve confirm\u00e1ndote que despu\u00e9s de estudiar tu consulta te podemos dar una buena soluci\u00f3n. Te informamos tambi\u00e9n del tipo de soluci\u00f3n que te podemos dar en base a lo que nos hayas indicado en tu consulta:Significa que te podemos dar una soluci\u00f3n completa sin que tengas que hacer nada [&hellip;]<\/p>\n","protected":false},"author":2,"featured_media":0,"parent":0,"menu_order":0,"comment_status":"closed","ping_status":"closed","template":"","meta":{"_et_pb_use_builder":"on","_et_pb_old_content":"","_et_gb_content_width":"","pmpro_default_level":"","footnotes":""},"categories":[],"tags":[],"class_list":["post-16752","page","type-page","status-publish","hentry","pmpro-has-access"],"_links":{"self":[{"href":"https:\/\/foldingfoldable.com\/web\/wp-json\/wp\/v2\/pages\/16752","targetHints":{"allow":["GET"]}}],"collection":[{"href":"https:\/\/foldingfoldable.com\/web\/wp-json\/wp\/v2\/pages"}],"about":[{"href":"https:\/\/foldingfoldable.com\/web\/wp-json\/wp\/v2\/types\/page"}],"author":[{"embeddable":true,"href":"https:\/\/foldingfoldable.com\/web\/wp-json\/wp\/v2\/users\/2"}],"replies":[{"embeddable":true,"href":"https:\/\/foldingfoldable.com\/web\/wp-json\/wp\/v2\/comments?post=16752"}],"version-history":[{"count":3,"href":"https:\/\/foldingfoldable.com\/web\/wp-json\/wp\/v2\/pages\/16752\/revisions"}],"predecessor-version":[{"id":16755,"href":"https:\/\/foldingfoldable.com\/web\/wp-json\/wp\/v2\/pages\/16752\/revisions\/16755"}],"wp:attachment":[{"href":"https:\/\/foldingfoldable.com\/web\/wp-json\/wp\/v2\/media?parent=16752"}],"wp:term":[{"taxonomy":"category","embeddable":true,"href":"https:\/\/foldingfoldable.com\/web\/wp-json\/wp\/v2\/categories?post=16752"},{"taxonomy":"post_tag","embeddable":true,"href":"https:\/\/foldingfoldable.com\/web\/wp-json\/wp\/v2\/tags?post=16752"}],"curies":[{"name":"wp","href":"https:\/\/api.w.org\/{rel}","templated":true}]}}